{"id":523969,"date":"2025-06-06T12:28:05","date_gmt":"2025-06-06T09:28:05","guid":{"rendered":"https:\/\/web2print.ro\/shop\/product\/cutit-de-buzunar-cu-maner-din-bambus\/"},"modified":"2025-12-10T10:26:40","modified_gmt":"2025-12-10T08:26:40","slug":"cutit-de-buzunar-cu-maner-din-bambus","status":"publish","type":"product","link":"https:\/\/web2print.ro\/shop\/cutit-de-buzunar-cu-maner-din-bambus\/","title":{"rendered":"Briceag de buzunar cu boluri din bambus \u0219i bucl\u0103 de ag\u0103\u021bare personalizat"},"content":{"rendered":"<p>Briceag din o\u0163el inoxidabil cu m\u00e2ner din bambus, cu blocare de siguran\u0163\u0103 \u0219i \u0219nur de ag\u0103\u0163are.<\/p>\n<p> Dimensiune: 9,9 \u00d7 1,2 \u00d7 2,2 cm<\/p>\n<p> Greutate:\u00a00.048<\/p>\n<p> Origine: CN<\/p>\n<p> Tariff:\u00a082119300<\/p>\n","protected":false},"excerpt":{"rendered":"<p>Descoper\u0103 acum Cu\u0163it de buzunar cu m\u00e2ner din bambus, ideal pentru aventuri! Stoc limitat, nu rata ocazia de a avea acest briceag elegant!<\/p>\n","protected":false},"featured_media":126839,"comment_status":"closed","ping_status":"open","template":"","meta":{"_joinchat":[]},"product_brand":[2754],"product_cat":[2928],"product_tag":[],"class_list":{"0":"post-523969","1":"product","2":"type-product","3":"status-publish","4":"has-post-thumbnail","6":"product_brand-m-collection-ro","7":"product_cat-cutite-de-buzunar","9":"first","10":"instock","11":"taxable","12":"shipping-taxable","13":"purchasable","14":"product-type-variable"},"_links":{"self":[{"href":"https:\/\/web2print.ro\/shop\/wp-json\/wp\/v2\/product\/523969","targetHints":{"allow":["GET"]}}],"collection":[{"href":"https:\/\/web2print.ro\/shop\/wp-json\/wp\/v2\/product"}],"about":[{"href":"https:\/\/web2print.ro\/shop\/wp-json\/wp\/v2\/types\/product"}],"replies":[{"embeddable":true,"href":"https:\/\/web2print.ro\/shop\/wp-json\/wp\/v2\/comments?post=523969"}],"wp:featuredmedia":[{"embeddable":true,"href":"https:\/\/web2print.ro\/shop\/wp-json\/wp\/v2\/media\/126839"}],"wp:attachment":[{"href":"https:\/\/web2print.ro\/shop\/wp-json\/wp\/v2\/media?parent=523969"}],"wp:term":[{"taxonomy":"product_brand","embeddable":true,"href":"https:\/\/web2print.ro\/shop\/wp-json\/wp\/v2\/product_brand?post=523969"},{"taxonomy":"product_cat","embeddable":true,"href":"https:\/\/web2print.ro\/shop\/wp-json\/wp\/v2\/product_cat?post=523969"},{"taxonomy":"product_tag","embeddable":true,"href":"https:\/\/web2print.ro\/shop\/wp-json\/wp\/v2\/product_tag?post=523969"}],"curies":[{"name":"wp","href":"https:\/\/api.w.org\/{rel}","templated":true}]}}