{"id":525341,"date":"2025-06-06T12:14:46","date_gmt":"2025-06-06T09:14:46","guid":{"rendered":"https:\/\/web2print.ro\/shop\/product\/rucsac-mare-din-pasla-rpet\/"},"modified":"2025-12-10T10:24:17","modified_gmt":"2025-12-10T08:24:17","slug":"rucsac-mare-din-pasla-rpet","status":"publish","type":"product","link":"https:\/\/web2print.ro\/shop\/rucsac-mare-din-pasla-rpet\/","title":{"rendered":"Rucsac mare din p\u00e2sl\u0103 RPET personalizat"},"content":{"rendered":"<p>Rucsac mare realizat din p\u00e2sl\u0103 RPET cu clapet\u0103 \u0219i buzunar frontal.<\/p>\n<p>Dimensiune: 36 x 12,5 x 40 cm<\/p>\n<p>Greutate:\u00a00.23<\/p>\n<p>Origine: CN<\/p>\n<p>Tariff:\u00a042029291<\/p>\n","protected":false},"excerpt":{"rendered":"<p>Rucsac mare realizat din p\u00e2sl\u0103 RPET cu clapet\u0103 \u0219i buzunar frontal.<\/p>\n","protected":false},"featured_media":125274,"comment_status":"closed","ping_status":"open","template":"","meta":{"_joinchat":[]},"product_brand":[2754],"product_cat":[318,2925,2906,2650],"product_tag":[],"class_list":{"0":"post-525341","1":"product","2":"type-product","3":"status-publish","4":"has-post-thumbnail","6":"product_brand-m-collection-ro","7":"product_cat-genti-tote-uri","8":"product_cat-pungi-ecologice","9":"product_cat-rucsacuri-si-genti-de-umar","10":"product_cat-textile","12":"first","13":"instock","14":"taxable","15":"shipping-taxable","16":"purchasable","17":"product-type-variable"},"_links":{"self":[{"href":"https:\/\/web2print.ro\/shop\/wp-json\/wp\/v2\/product\/525341","targetHints":{"allow":["GET"]}}],"collection":[{"href":"https:\/\/web2print.ro\/shop\/wp-json\/wp\/v2\/product"}],"about":[{"href":"https:\/\/web2print.ro\/shop\/wp-json\/wp\/v2\/types\/product"}],"replies":[{"embeddable":true,"href":"https:\/\/web2print.ro\/shop\/wp-json\/wp\/v2\/comments?post=525341"}],"wp:featuredmedia":[{"embeddable":true,"href":"https:\/\/web2print.ro\/shop\/wp-json\/wp\/v2\/media\/125274"}],"wp:attachment":[{"href":"https:\/\/web2print.ro\/shop\/wp-json\/wp\/v2\/media?parent=525341"}],"wp:term":[{"taxonomy":"product_brand","embeddable":true,"href":"https:\/\/web2print.ro\/shop\/wp-json\/wp\/v2\/product_brand?post=525341"},{"taxonomy":"product_cat","embeddable":true,"href":"https:\/\/web2print.ro\/shop\/wp-json\/wp\/v2\/product_cat?post=525341"},{"taxonomy":"product_tag","embeddable":true,"href":"https:\/\/web2print.ro\/shop\/wp-json\/wp\/v2\/product_tag?post=525341"}],"curies":[{"name":"wp","href":"https:\/\/api.w.org\/{rel}","templated":true}]}}