{"id":526346,"date":"2025-06-06T12:23:37","date_gmt":"2025-06-06T09:23:37","guid":{"rendered":"https:\/\/web2print.ro\/shop\/product\/sticla-din-aluminiu-cu-carabina-800ml\/"},"modified":"2025-12-10T10:25:32","modified_gmt":"2025-12-10T08:25:32","slug":"sticla-din-aluminiu-cu-carlig-800ml","status":"publish","type":"product","link":"https:\/\/web2print.ro\/shop\/sticla-din-aluminiu-cu-carlig-800ml\/","title":{"rendered":"Sticl\u0103 din aluminiu cu c\u00e2rlig, 800ml personalizat\u0103"},"content":{"rendered":"<p>Recipient din aluminiu, cu capacitatea de 800ml, cu c\u00e2rlig.<\/p>\n<p>Dimensiune: \u00f8 7,3 \u00d7 24,5 cm<\/p>\n<p>Greutate:\u00a00.12<\/p>\n<p>Origine: CN<\/p>\n<p>Tariff:\u00a076151080<\/p>\n","protected":false},"excerpt":{"rendered":"<p>Recipient din aluminiu, cu capacitatea de 800ml, cu c\u00e2rlig.<\/p>\n","protected":false},"featured_media":412433,"comment_status":"closed","ping_status":"closed","template":"","meta":{"_joinchat":[]},"product_brand":[2754],"product_cat":[2540,2656,2863],"product_tag":[],"class_list":{"0":"post-526346","1":"product","2":"type-product","3":"status-publish","4":"has-post-thumbnail","6":"product_brand-m-collection-ro","7":"product_cat-casa-lifestyle","8":"product_cat-articole-pentru-bauturi","9":"product_cat-sticle-de-apa","11":"first","12":"instock","13":"taxable","14":"shipping-taxable","15":"purchasable","16":"product-type-variable"},"_links":{"self":[{"href":"https:\/\/web2print.ro\/shop\/wp-json\/wp\/v2\/product\/526346","targetHints":{"allow":["GET"]}}],"collection":[{"href":"https:\/\/web2print.ro\/shop\/wp-json\/wp\/v2\/product"}],"about":[{"href":"https:\/\/web2print.ro\/shop\/wp-json\/wp\/v2\/types\/product"}],"replies":[{"embeddable":true,"href":"https:\/\/web2print.ro\/shop\/wp-json\/wp\/v2\/comments?post=526346"}],"wp:featuredmedia":[{"embeddable":true,"href":"https:\/\/web2print.ro\/shop\/wp-json\/wp\/v2\/media\/412433"}],"wp:attachment":[{"href":"https:\/\/web2print.ro\/shop\/wp-json\/wp\/v2\/media?parent=526346"}],"wp:term":[{"taxonomy":"product_brand","embeddable":true,"href":"https:\/\/web2print.ro\/shop\/wp-json\/wp\/v2\/product_brand?post=526346"},{"taxonomy":"product_cat","embeddable":true,"href":"https:\/\/web2print.ro\/shop\/wp-json\/wp\/v2\/product_cat?post=526346"},{"taxonomy":"product_tag","embeddable":true,"href":"https:\/\/web2print.ro\/shop\/wp-json\/wp\/v2\/product_tag?post=526346"}],"curies":[{"name":"wp","href":"https:\/\/api.w.org\/{rel}","templated":true}]}}