{"id":580137,"date":"2025-10-08T21:26:44","date_gmt":"2025-10-08T18:26:44","guid":{"rendered":"https:\/\/web2print.ro\/shop\/cos-cadou-dulce-plai\/"},"modified":"2025-12-10T11:57:56","modified_gmt":"2025-12-10T09:57:56","slug":"cos-cadou-dulce-plai","status":"publish","type":"product","link":"https:\/\/web2print.ro\/shop\/cos-cadou-dulce-plai\/","title":{"rendered":"Cos Cadou DULCE PLAI"},"content":{"rendered":"<p>Vin cuvee rose Domeniile Vinarte 75cl , Cozonac cu nuc\u0103 Velpitar 400g, Folie celofan, Tablet\u0103 de ciocolat\u0103 cu lapte \u0219i crem\u0103 Rom 88g, Stergar Artizanal, Cutie cadou<\/p>\n","protected":false},"excerpt":{"rendered":"<p>Co\u0219ul cadou con\u021bine:<br \/>\n&#8211; Vin cuvee rose &#8211; Domeniile Vinarte, 75cl<br \/>\n&#8211; Cozonac cu nuc\u0103 &#8211; Velpitar, 400g<br \/>\n&#8211; Tablet\u0103 de ciocolat\u0103 cu lapte \u0219i crem\u0103 &#8211; Rom, 88g<br \/>\n&#8211; \u0218tergar artizanal<br \/>\n&#8211; Cutie cadou<\/p>\n","protected":false},"featured_media":579945,"comment_status":"open","ping_status":"open","template":"","meta":{"_joinchat":[]},"product_brand":[],"product_cat":[3070],"product_tag":[],"class_list":{"0":"post-580137","1":"product","2":"type-product","3":"status-publish","4":"has-post-thumbnail","6":"product_cat-cosuri-cadou","8":"first","9":"instock","10":"taxable","11":"shipping-taxable","12":"purchasable","13":"product-type-simple"},"_links":{"self":[{"href":"https:\/\/web2print.ro\/shop\/wp-json\/wp\/v2\/product\/580137","targetHints":{"allow":["GET"]}}],"collection":[{"href":"https:\/\/web2print.ro\/shop\/wp-json\/wp\/v2\/product"}],"about":[{"href":"https:\/\/web2print.ro\/shop\/wp-json\/wp\/v2\/types\/product"}],"replies":[{"embeddable":true,"href":"https:\/\/web2print.ro\/shop\/wp-json\/wp\/v2\/comments?post=580137"}],"wp:featuredmedia":[{"embeddable":true,"href":"https:\/\/web2print.ro\/shop\/wp-json\/wp\/v2\/media\/579945"}],"wp:attachment":[{"href":"https:\/\/web2print.ro\/shop\/wp-json\/wp\/v2\/media?parent=580137"}],"wp:term":[{"taxonomy":"product_brand","embeddable":true,"href":"https:\/\/web2print.ro\/shop\/wp-json\/wp\/v2\/product_brand?post=580137"},{"taxonomy":"product_cat","embeddable":true,"href":"https:\/\/web2print.ro\/shop\/wp-json\/wp\/v2\/product_cat?post=580137"},{"taxonomy":"product_tag","embeddable":true,"href":"https:\/\/web2print.ro\/shop\/wp-json\/wp\/v2\/product_tag?post=580137"}],"curies":[{"name":"wp","href":"https:\/\/api.w.org\/{rel}","templated":true}]}}