{"id":580146,"date":"2025-10-08T21:26:44","date_gmt":"2025-10-08T18:26:44","guid":{"rendered":"https:\/\/web2print.ro\/shop\/cos-cadou-green-basket\/"},"modified":"2025-12-10T11:57:43","modified_gmt":"2025-12-10T09:57:43","slug":"cos-cadou-green-basket","status":"publish","type":"product","link":"https:\/\/web2print.ro\/shop\/cos-cadou-green-basket\/","title":{"rendered":"Cos Cadou Verde"},"content":{"rendered":"<h1>Cos Cadou GREEN BASKET &#8211; Cadoul Perfect pentru Orice Ocazie<\/h1>\n<p>Cos Cadou GREEN BASKET este alegerea ideal\u0103 pentru a aduce bucurie \u0219i rafinament \u00een via\u021ba celor dragi. Acest co\u0219 elegant este plin de delicatese alese cu grij\u0103, care vor \u00eenc\u00e2nta orice gust. Ofer\u0103 un cadou memorabil, plin de arome \u0219i texturi diverse, perfect pentru s\u0103rb\u0103tori sau ocazii speciale.<\/p>\n<h2>Caracteristici Principale<\/h2>\n<ul>\n<li><strong>Vin Alb \u0219i Ro\u0219u<\/strong>: Co\u0219ul con\u021bine dou\u0103 sticle de vin de calitate superioar\u0103, Vin Alb Nostre Terre \u0219i Vin Ro\u0219u Nostre Terre, fiecare de 75cl, care completeaz\u0103 perfect fiecare mas\u0103.<\/li>\n<li><strong>Delicii Dulci<\/strong>: Include o selec\u021bie de bun\u0103t\u0103\u021bi, precum Bouquet Santa Claus cu arom\u0103 de m\u0103r \u0219i scor\u021bi\u0219oar\u0103 (70g), Panettone cu coaj\u0103 de portocal \u0219i stafide \u00een ambalaj festiv (500g), \u0219i Macarons (60g) pentru un final dulce.<\/li>\n<li><strong>Produse de Patiserie<\/strong>: Co\u0219ul este dotat cu Biscui\u021bi cu cacao Biscotti Sable D&#8217;or (100g) \u0219i Fursecuri cu umplutur\u0103 de zmeur\u0103 Berry Bliss Tuscany (100g), perfecte pentru a fi savurate al\u0103turi de o cea\u0219c\u0103 de cafea.<\/li>\n<li><strong>Cafea Aromat\u0103<\/strong>: Cafea pr\u0103jit\u0103 \u0219i m\u0103cinat\u0103 Caffe Mosaico (100g) care \u00ee\u021bi va oferi o experien\u021b\u0103 de neuitat, perfect\u0103 pentru dimine\u021bile r\u0103coroase.<\/li>\n<li><strong>Ambalaj Elegant<\/strong>: Toate produsele sunt prezentate \u00eentr-o cutie boutique Dunapack de culoare neagr\u0103 (dimensiuni externe: 395x295x300mm), oferind un aspect sofisticat \u0219i atractiv.<\/li>\n<\/ul>\n<h3>Specifica\u021bii Complete<\/h3>\n<ul>\n<li><strong>Dimensiuni Cutie<\/strong>: 395mm x 295mm x 300mm<\/li>\n<li><strong>Material Cutie<\/strong>: Carton de \u00eenalt\u0103 calitate<\/li>\n<li><strong>Greutate Totala<\/strong>: Aproximativ 2 kg (variaz\u0103 \u00een func\u021bie de produsele incluse)<\/li>\n<li><strong>Culori Disponibile<\/strong>: Negru (cutie)<\/li>\n<li><strong>Produse Incluse<\/strong>: Vin Alb Nostre Terre 75cl, Vin Ro\u0219u Nostre Terre 75cl, Bouquet Santa Claus Apple&amp;Cinnamon 70g, Panettone 500g, Macarons 60g, Bomboane de Pom Christmas Pralines 100g, Fursecuri 100g, Biscui\u021bi 100g, Cafea 100g, Decoratiune Bradut 10cm, Biscui\u021bi cu ciocolat\u0103 150g.<\/li>\n<\/ul>\n<h2>Beneficii pentru Utilizator<\/h2>\n<p>Fie c\u0103 dori\u021bi s\u0103 surprinde\u021bi o persoan\u0103 drag\u0103 sau s\u0103 r\u0103sf\u0103\u021ba\u021bi un coleg, Cos Cadou GREEN BASKET este solu\u021bia perfect\u0103. Iat\u0103 c\u00e2teva beneficii:<\/p>\n<ul>\n<li>**R\u0103sf\u0103\u021b \u0219i Deliciu**: Fiecare produs din co\u0219 este ales cu aten\u021bie pentru a oferi o experien\u021b\u0103 culinar\u0103 deosebit\u0103.<\/li>\n<li>**Aspect Elegant**: Cutia neagr\u0103 confer\u0103 un aer sofisticat, f\u0103c\u00e2nd din acest co\u0219 un cadou potrivit pentru orice ocazie.<\/li>\n<li>**Varietate**: Ofer\u0103 o gam\u0103 larg\u0103 de produse, astfel \u00eenc\u00e2t fiecare persoan\u0103 s\u0103 g\u0103seasc\u0103 ceva pe placul s\u0103u.<\/li>\n<li>**Convenien\u021b\u0103**: Totul este ambalat cu grij\u0103, astfel c\u0103 nu trebuie s\u0103 v\u0103 face\u021bi griji pentru prezentare.<\/li>\n<\/ul>\n<h2>De ce s\u0103 Alegi Cos Cadou GREEN BASKET<\/h2>\n<p>\u00centr-o lume plin\u0103 de op\u021biuni, Cos Cadou GREEN BASKET se distinge prin:<\/p>\n<ul>\n<li>**Calitate Superioar\u0103**: Fiecare ingredient este selectat cu grij\u0103, asigur\u00e2ndu-se c\u0103 prime\u0219ti doar cele mai bune produse.<\/li>\n<li>**Experien\u021b\u0103 Unic\u0103**: Cadoul t\u0103u va fi unul memorabil, plin de arome \u0219i texturi care vor \u00eenc\u00e2nta sim\u021burile.<\/li>\n<li>**Feedback Pozitiv**: Multe persoane au apreciat acest co\u0219 cadou ca fiind perfect pentru anivers\u0103ri, s\u0103rb\u0103tori sau ocazii speciale.<\/li>\n<\/ul>\n<p>Cos Cadou GREEN BASKET nu este doar un cadou, ci o experien\u021b\u0103 complet\u0103 care va aduce z\u00e2mbete \u0219i bucurie celor dragi. Alege s\u0103 d\u0103ruie\u0219ti calitate \u0219i rafinament, deoarece fiecare detaliu conteaz\u0103!<\/p>\n","protected":false},"excerpt":{"rendered":"<p>Co\u0219ul cadou con\u021bine:<br \/>\n&#8211; Vin Alb Nostre Terre &#8211; 750ml<br \/>\n&#8211; Vin Ro\u0219u Nostre Terre &#8211; 750ml<br \/>\n&#8211; Bouquet Santa Claus cu m\u0103r \u0219i scor\u021bi\u0219oar\u0103 &#8211; 70g<br \/>\n&#8211; Panettone cu coaj\u0103 de portocal\u0103 \u0219i stafide, ambalaj festiv &#8211; Prestige, 500g<br \/>\n&#8211; Macarons &#8211; 60g<br \/>\n&#8211; Bomboane de Pom Christmas Pralines &#8211; 100g<br \/>\n&#8211; Fursecuri cu umplutur\u0103 de zmeur\u0103 &#8211; Berry Bliss Tuscany, 100g<br \/>\n&#8211; Biscui\u021bi cu cacao &#8211; Biscotti Sable D&#8217;or, 100g<br \/>\n&#8211; Cafea pr\u0103jit\u0103 \u0219i m\u0103cinat\u0103 &#8211; Caffe Mosaico, 100g<br \/>\n&#8211; Biscui\u021bi cu ciocolat\u0103 neagr\u0103 \u0219i alune &#8211; Mulino di Floriano, 150g<br \/>\n&#8211; Decora\u021biune Bradut &#8211; 10cm<br \/>\n&#8211; Tav\u0103 din carton<br \/>\n&#8211; Folie de celofan<br \/>\n&#8211; Cutie Boutique Dunapack, dimensiuni externe 395*295*300, negru, 2024<\/p>\n","protected":false},"featured_media":580009,"comment_status":"open","ping_status":"open","template":"","meta":{"_joinchat":[]},"product_brand":[],"product_cat":[3070],"product_tag":[],"class_list":{"0":"post-580146","1":"product","2":"type-product","3":"status-publish","4":"has-post-thumbnail","6":"product_cat-cosuri-cadou","8":"first","9":"instock","10":"taxable","11":"shipping-taxable","12":"purchasable","13":"product-type-simple"},"_links":{"self":[{"href":"https:\/\/web2print.ro\/shop\/wp-json\/wp\/v2\/product\/580146","targetHints":{"allow":["GET"]}}],"collection":[{"href":"https:\/\/web2print.ro\/shop\/wp-json\/wp\/v2\/product"}],"about":[{"href":"https:\/\/web2print.ro\/shop\/wp-json\/wp\/v2\/types\/product"}],"replies":[{"embeddable":true,"href":"https:\/\/web2print.ro\/shop\/wp-json\/wp\/v2\/comments?post=580146"}],"wp:featuredmedia":[{"embeddable":true,"href":"https:\/\/web2print.ro\/shop\/wp-json\/wp\/v2\/media\/580009"}],"wp:attachment":[{"href":"https:\/\/web2print.ro\/shop\/wp-json\/wp\/v2\/media?parent=580146"}],"wp:term":[{"taxonomy":"product_brand","embeddable":true,"href":"https:\/\/web2print.ro\/shop\/wp-json\/wp\/v2\/product_brand?post=580146"},{"taxonomy":"product_cat","embeddable":true,"href":"https:\/\/web2print.ro\/shop\/wp-json\/wp\/v2\/product_cat?post=580146"},{"taxonomy":"product_tag","embeddable":true,"href":"https:\/\/web2print.ro\/shop\/wp-json\/wp\/v2\/product_tag?post=580146"}],"curies":[{"name":"wp","href":"https:\/\/api.w.org\/{rel}","templated":true}]}}