{"id":636041,"date":"2025-11-27T18:04:23","date_gmt":"2025-11-27T16:04:23","guid":{"rendered":"https:\/\/web2print.ro\/shop\/?post_type=product&#038;p=636041"},"modified":"2025-12-10T10:51:05","modified_gmt":"2025-12-10T08:51:05","slug":"pix-cu-clip-maini-2d","status":"publish","type":"product","link":"https:\/\/web2print.ro\/shop\/pix-cu-clip-maini-2d\/","title":{"rendered":"Pix cu clip m\u00e2ini 2D personalizat"},"content":{"rendered":"<p>Pix din plastic cu min\u0103 mare albastr\u0103, corp alb \u015fi posibilitate de a alege \u00eentre diferite m\u00e2ini 2D.<\/p>\n","protected":false},"excerpt":{"rendered":"<p>Pix din plastic cu min\u0103 mare albastr\u0103, corp alb \u015fi posibilitate de a alege \u00eentre diferite m\u00e2ini 2D.<\/p>\n","protected":false},"featured_media":636043,"comment_status":"open","ping_status":"closed","template":"","meta":{"_joinchat":[]},"product_brand":[],"product_cat":[3086],"product_tag":[],"class_list":{"0":"post-636041","1":"product","2":"type-product","3":"status-publish","4":"has-post-thumbnail","6":"product_cat-pixuri-din-plastic","8":"first","9":"instock","10":"taxable","11":"shipping-taxable","12":"product-type-variable"},"_links":{"self":[{"href":"https:\/\/web2print.ro\/shop\/wp-json\/wp\/v2\/product\/636041","targetHints":{"allow":["GET"]}}],"collection":[{"href":"https:\/\/web2print.ro\/shop\/wp-json\/wp\/v2\/product"}],"about":[{"href":"https:\/\/web2print.ro\/shop\/wp-json\/wp\/v2\/types\/product"}],"replies":[{"embeddable":true,"href":"https:\/\/web2print.ro\/shop\/wp-json\/wp\/v2\/comments?post=636041"}],"wp:featuredmedia":[{"embeddable":true,"href":"https:\/\/web2print.ro\/shop\/wp-json\/wp\/v2\/media\/636043"}],"wp:attachment":[{"href":"https:\/\/web2print.ro\/shop\/wp-json\/wp\/v2\/media?parent=636041"}],"wp:term":[{"taxonomy":"product_brand","embeddable":true,"href":"https:\/\/web2print.ro\/shop\/wp-json\/wp\/v2\/product_brand?post=636041"},{"taxonomy":"product_cat","embeddable":true,"href":"https:\/\/web2print.ro\/shop\/wp-json\/wp\/v2\/product_cat?post=636041"},{"taxonomy":"product_tag","embeddable":true,"href":"https:\/\/web2print.ro\/shop\/wp-json\/wp\/v2\/product_tag?post=636041"}],"curies":[{"name":"wp","href":"https:\/\/api.w.org\/{rel}","templated":true}]}}