{"id":636087,"date":"2025-11-27T18:04:21","date_gmt":"2025-11-27T16:04:21","guid":{"rendered":"https:\/\/web2print.ro\/shop\/?post_type=product&#038;p=636087"},"modified":"2025-12-10T10:51:08","modified_gmt":"2025-12-10T08:51:08","slug":"creion-in-culori-metalice-cu-radiera","status":"publish","type":"product","link":"https:\/\/web2print.ro\/shop\/creion-in-culori-metalice-cu-radiera\/","title":{"rendered":"Creion \u00een culori metalice cu radier\u0103 personalizat"},"content":{"rendered":"<p>Creion cu radier\u0103 \u00een culori metalice. Creionul este livrat gata ascu\u021bit.<\/p>\n","protected":false},"excerpt":{"rendered":"<p>Creion cu radier\u0103 \u00een culori metalice. Creionul este livrat gata ascu\u021bit.<\/p>\n","protected":false},"featured_media":636089,"comment_status":"open","ping_status":"closed","template":"","meta":{"_joinchat":[]},"product_brand":[],"product_cat":[3075],"product_tag":[],"class_list":{"0":"post-636087","1":"product","2":"type-product","3":"status-publish","4":"has-post-thumbnail","6":"product_cat-creioane-si-crete","8":"first","9":"instock","10":"taxable","11":"shipping-taxable","12":"product-type-variable"},"_links":{"self":[{"href":"https:\/\/web2print.ro\/shop\/wp-json\/wp\/v2\/product\/636087","targetHints":{"allow":["GET"]}}],"collection":[{"href":"https:\/\/web2print.ro\/shop\/wp-json\/wp\/v2\/product"}],"about":[{"href":"https:\/\/web2print.ro\/shop\/wp-json\/wp\/v2\/types\/product"}],"replies":[{"embeddable":true,"href":"https:\/\/web2print.ro\/shop\/wp-json\/wp\/v2\/comments?post=636087"}],"wp:featuredmedia":[{"embeddable":true,"href":"https:\/\/web2print.ro\/shop\/wp-json\/wp\/v2\/media\/636089"}],"wp:attachment":[{"href":"https:\/\/web2print.ro\/shop\/wp-json\/wp\/v2\/media?parent=636087"}],"wp:term":[{"taxonomy":"product_brand","embeddable":true,"href":"https:\/\/web2print.ro\/shop\/wp-json\/wp\/v2\/product_brand?post=636087"},{"taxonomy":"product_cat","embeddable":true,"href":"https:\/\/web2print.ro\/shop\/wp-json\/wp\/v2\/product_cat?post=636087"},{"taxonomy":"product_tag","embeddable":true,"href":"https:\/\/web2print.ro\/shop\/wp-json\/wp\/v2\/product_tag?post=636087"}],"curies":[{"name":"wp","href":"https:\/\/api.w.org\/{rel}","templated":true}]}}