{"id":636161,"date":"2025-11-27T18:04:15","date_gmt":"2025-11-27T16:04:15","guid":{"rendered":"https:\/\/web2print.ro\/shop\/?post_type=product&#038;p=636161"},"modified":"2025-12-10T10:51:11","modified_gmt":"2025-12-10T08:51:11","slug":"pix-din-aluminiu-reciclat-4","status":"publish","type":"product","link":"https:\/\/web2print.ro\/shop\/pix-din-aluminiu-reciclat-4\/","title":{"rendered":"Pix din aluminiu reciclat personalizat"},"content":{"rendered":"<p>Pix sub\u0163ire, realizat din aluminiu reciclat, cu min\u0103 albastr\u0103 \u0219i trei inele decorative.<\/p>\n","protected":false},"excerpt":{"rendered":"<p>Pix sub\u0163ire, realizat din aluminiu reciclat, cu min\u0103 albastr\u0103 \u0219i trei inele decorative.<\/p>\n","protected":false},"featured_media":636163,"comment_status":"open","ping_status":"closed","template":"","meta":{"_joinchat":[]},"product_brand":[],"product_cat":[3078],"product_tag":[],"class_list":{"0":"post-636161","1":"product","2":"type-product","3":"status-publish","4":"has-post-thumbnail","6":"product_cat-pixuri-ecologice","8":"first","9":"instock","10":"taxable","11":"shipping-taxable","12":"product-type-variable"},"_links":{"self":[{"href":"https:\/\/web2print.ro\/shop\/wp-json\/wp\/v2\/product\/636161","targetHints":{"allow":["GET"]}}],"collection":[{"href":"https:\/\/web2print.ro\/shop\/wp-json\/wp\/v2\/product"}],"about":[{"href":"https:\/\/web2print.ro\/shop\/wp-json\/wp\/v2\/types\/product"}],"replies":[{"embeddable":true,"href":"https:\/\/web2print.ro\/shop\/wp-json\/wp\/v2\/comments?post=636161"}],"wp:featuredmedia":[{"embeddable":true,"href":"https:\/\/web2print.ro\/shop\/wp-json\/wp\/v2\/media\/636163"}],"wp:attachment":[{"href":"https:\/\/web2print.ro\/shop\/wp-json\/wp\/v2\/media?parent=636161"}],"wp:term":[{"taxonomy":"product_brand","embeddable":true,"href":"https:\/\/web2print.ro\/shop\/wp-json\/wp\/v2\/product_brand?post=636161"},{"taxonomy":"product_cat","embeddable":true,"href":"https:\/\/web2print.ro\/shop\/wp-json\/wp\/v2\/product_cat?post=636161"},{"taxonomy":"product_tag","embeddable":true,"href":"https:\/\/web2print.ro\/shop\/wp-json\/wp\/v2\/product_tag?post=636161"}],"curies":[{"name":"wp","href":"https:\/\/api.w.org\/{rel}","templated":true}]}}