{"id":636257,"date":"2025-11-27T18:04:07","date_gmt":"2025-11-27T16:04:07","guid":{"rendered":"https:\/\/web2print.ro\/shop\/?post_type=product&#038;p=636257"},"modified":"2025-12-10T10:51:13","modified_gmt":"2025-12-10T08:51:13","slug":"sacosa-de-cumparaturi-din-non-woven-reciclat","status":"publish","type":"product","link":"https:\/\/web2print.ro\/shop\/sacosa-de-cumparaturi-din-non-woven-reciclat\/","title":{"rendered":"Saco\u0219\u0103 de cump\u0103r\u0103turi din non woven reciclat personalizat\u0103"},"content":{"rendered":"<p>Geant\u0103 mare de cump\u0103r\u0103turi din material ne\u0163esut reciclat (gramaj 80 g\/m\u00b2), disponibil\u0103 \u00een diverse culori, cu dou\u0103 m\u00e2nere.<\/p>\n","protected":false},"excerpt":{"rendered":"<p>Geant\u0103 mare de cump\u0103r\u0103turi din material ne\u0163esut reciclat (gramaj 80 g\/m\u00b2), disponibil\u0103 \u00een diverse culori, cu dou\u0103 m\u00e2nere.<\/p>\n","protected":false},"featured_media":636259,"comment_status":"open","ping_status":"closed","template":"","meta":{"_joinchat":[]},"product_brand":[],"product_cat":[3084,3085],"product_tag":[],"class_list":{"0":"post-636257","1":"product","2":"type-product","3":"status-publish","4":"has-post-thumbnail","6":"product_cat-genti-eco","7":"product_cat-genti-pentru-cumparaturi-sacose","9":"first","10":"instock","11":"taxable","12":"shipping-taxable","13":"product-type-variable"},"_links":{"self":[{"href":"https:\/\/web2print.ro\/shop\/wp-json\/wp\/v2\/product\/636257","targetHints":{"allow":["GET"]}}],"collection":[{"href":"https:\/\/web2print.ro\/shop\/wp-json\/wp\/v2\/product"}],"about":[{"href":"https:\/\/web2print.ro\/shop\/wp-json\/wp\/v2\/types\/product"}],"replies":[{"embeddable":true,"href":"https:\/\/web2print.ro\/shop\/wp-json\/wp\/v2\/comments?post=636257"}],"wp:featuredmedia":[{"embeddable":true,"href":"https:\/\/web2print.ro\/shop\/wp-json\/wp\/v2\/media\/636259"}],"wp:attachment":[{"href":"https:\/\/web2print.ro\/shop\/wp-json\/wp\/v2\/media?parent=636257"}],"wp:term":[{"taxonomy":"product_brand","embeddable":true,"href":"https:\/\/web2print.ro\/shop\/wp-json\/wp\/v2\/product_brand?post=636257"},{"taxonomy":"product_cat","embeddable":true,"href":"https:\/\/web2print.ro\/shop\/wp-json\/wp\/v2\/product_cat?post=636257"},{"taxonomy":"product_tag","embeddable":true,"href":"https:\/\/web2print.ro\/shop\/wp-json\/wp\/v2\/product_tag?post=636257"}],"curies":[{"name":"wp","href":"https:\/\/api.w.org\/{rel}","templated":true}]}}