{"id":636391,"date":"2025-11-27T18:03:58","date_gmt":"2025-11-27T16:03:58","guid":{"rendered":"https:\/\/web2print.ro\/shop\/?post_type=product&#038;p=636391"},"modified":"2025-12-10T10:51:15","modified_gmt":"2025-12-10T08:51:15","slug":"umbrela-din-fibra-de-sticla","status":"publish","type":"product","link":"https:\/\/web2print.ro\/shop\/umbrela-din-fibra-de-sticla\/","title":{"rendered":"Umbrel\u0103 din fibr\u0103 de sticl\u0103 personalizat\u0103"},"content":{"rendered":"<p>Umbrel\u0103 automat\u0103 din Pongee 190T, cu structur\u0103 metalic\u0103 \u0219i din fibr\u0103 de sticl\u0103 \u0219i m\u00e2ner soft mat.<\/p>\n","protected":false},"excerpt":{"rendered":"<p>Umbrel\u0103 automat\u0103 din Pongee 190T, cu structur\u0103 metalic\u0103 \u0219i din fibr\u0103 de sticl\u0103 \u0219i m\u00e2ner soft mat.<\/p>\n","protected":false},"featured_media":636393,"comment_status":"open","ping_status":"closed","template":"","meta":{"_joinchat":[]},"product_brand":[],"product_cat":[732],"product_tag":[],"class_list":{"0":"post-636391","1":"product","2":"type-product","3":"status-publish","4":"has-post-thumbnail","6":"product_cat-umbrele","8":"first","9":"instock","10":"taxable","11":"shipping-taxable","12":"product-type-variable"},"_links":{"self":[{"href":"https:\/\/web2print.ro\/shop\/wp-json\/wp\/v2\/product\/636391","targetHints":{"allow":["GET"]}}],"collection":[{"href":"https:\/\/web2print.ro\/shop\/wp-json\/wp\/v2\/product"}],"about":[{"href":"https:\/\/web2print.ro\/shop\/wp-json\/wp\/v2\/types\/product"}],"replies":[{"embeddable":true,"href":"https:\/\/web2print.ro\/shop\/wp-json\/wp\/v2\/comments?post=636391"}],"wp:featuredmedia":[{"embeddable":true,"href":"https:\/\/web2print.ro\/shop\/wp-json\/wp\/v2\/media\/636393"}],"wp:attachment":[{"href":"https:\/\/web2print.ro\/shop\/wp-json\/wp\/v2\/media?parent=636391"}],"wp:term":[{"taxonomy":"product_brand","embeddable":true,"href":"https:\/\/web2print.ro\/shop\/wp-json\/wp\/v2\/product_brand?post=636391"},{"taxonomy":"product_cat","embeddable":true,"href":"https:\/\/web2print.ro\/shop\/wp-json\/wp\/v2\/product_cat?post=636391"},{"taxonomy":"product_tag","embeddable":true,"href":"https:\/\/web2print.ro\/shop\/wp-json\/wp\/v2\/product_tag?post=636391"}],"curies":[{"name":"wp","href":"https:\/\/api.w.org\/{rel}","templated":true}]}}