{"id":636436,"date":"2025-11-27T18:03:50","date_gmt":"2025-11-27T16:03:50","guid":{"rendered":"https:\/\/web2print.ro\/shop\/?post_type=product&#038;p=636436"},"modified":"2025-12-10T10:51:16","modified_gmt":"2025-12-10T08:51:16","slug":"caserola-cu-capac-din-bambus-750-ml","status":"publish","type":"product","link":"https:\/\/web2print.ro\/shop\/caserola-cu-capac-din-bambus-750-ml\/","title":{"rendered":"Caserol\u0103 cu capac din bambus, 750 ml personalizat\u0103"},"content":{"rendered":"<p>Cutie pentru alimente din plastic cu capac din bambus \u0219i \u00eenchidere cu clem\u0103, care p\u0103streaz\u0103 alimentele \u00een condi\u021bii de siguran\u021b\u0103. Cu o capacitate de 750 ml, ofer\u0103 spa\u021biu suficient pentru diverse feluri de m\u00e2ncare.<\/p>\n","protected":false},"excerpt":{"rendered":"<p>Cutie pentru alimente din plastic cu capac din bambus \u0219i \u00eenchidere cu clem\u0103, care p\u0103streaz\u0103 alimentele \u00een condi\u021bii de siguran\u021b\u0103.<\/p>\n","protected":false},"featured_media":636438,"comment_status":"open","ping_status":"closed","template":"","meta":{"_joinchat":[]},"product_brand":[],"product_cat":[2789],"product_tag":[],"class_list":{"0":"post-636436","1":"product","2":"type-product","3":"status-publish","4":"has-post-thumbnail","6":"product_cat-fara-categorie","8":"first","9":"instock","10":"taxable","11":"shipping-taxable","12":"product-type-variable"},"_links":{"self":[{"href":"https:\/\/web2print.ro\/shop\/wp-json\/wp\/v2\/product\/636436","targetHints":{"allow":["GET"]}}],"collection":[{"href":"https:\/\/web2print.ro\/shop\/wp-json\/wp\/v2\/product"}],"about":[{"href":"https:\/\/web2print.ro\/shop\/wp-json\/wp\/v2\/types\/product"}],"replies":[{"embeddable":true,"href":"https:\/\/web2print.ro\/shop\/wp-json\/wp\/v2\/comments?post=636436"}],"wp:featuredmedia":[{"embeddable":true,"href":"https:\/\/web2print.ro\/shop\/wp-json\/wp\/v2\/media\/636438"}],"wp:attachment":[{"href":"https:\/\/web2print.ro\/shop\/wp-json\/wp\/v2\/media?parent=636436"}],"wp:term":[{"taxonomy":"product_brand","embeddable":true,"href":"https:\/\/web2print.ro\/shop\/wp-json\/wp\/v2\/product_brand?post=636436"},{"taxonomy":"product_cat","embeddable":true,"href":"https:\/\/web2print.ro\/shop\/wp-json\/wp\/v2\/product_cat?post=636436"},{"taxonomy":"product_tag","embeddable":true,"href":"https:\/\/web2print.ro\/shop\/wp-json\/wp\/v2\/product_tag?post=636436"}],"curies":[{"name":"wp","href":"https:\/\/api.w.org\/{rel}","templated":true}]}}