{"id":636520,"date":"2025-11-27T18:03:35","date_gmt":"2025-11-27T16:03:35","guid":{"rendered":"https:\/\/web2print.ro\/shop\/?post_type=product&#038;p=636520"},"modified":"2025-12-10T10:51:17","modified_gmt":"2025-12-10T08:51:17","slug":"sacosa-din-pasla","status":"publish","type":"product","link":"https:\/\/web2print.ro\/shop\/sacosa-din-pasla\/","title":{"rendered":"Saco\u015f\u0103 din p\u00e2sl\u0103 personalizat\u0103"},"content":{"rendered":"<p>Sacos\u0103 cu pandantiv \u00een form\u0103 de brad. Personalizarea v\u0103 recomand\u0103m cu etichet\u0103 autocolant\u0103.<\/p>\n","protected":false},"excerpt":{"rendered":"<p>Sacos\u0103 cu pandantiv \u00een form\u0103 de brad. Personalizarea v\u0103 recomand\u0103m cu etichet\u0103 autocolant\u0103.<\/p>\n","protected":false},"featured_media":636522,"comment_status":"open","ping_status":"closed","template":"","meta":{"_joinchat":[]},"product_brand":[],"product_cat":[3103],"product_tag":[],"class_list":{"0":"post-636520","1":"product","2":"type-product","3":"status-publish","4":"has-post-thumbnail","6":"product_cat-sacose-cadou","8":"first","9":"instock","10":"taxable","11":"shipping-taxable","12":"product-type-variable"},"_links":{"self":[{"href":"https:\/\/web2print.ro\/shop\/wp-json\/wp\/v2\/product\/636520","targetHints":{"allow":["GET"]}}],"collection":[{"href":"https:\/\/web2print.ro\/shop\/wp-json\/wp\/v2\/product"}],"about":[{"href":"https:\/\/web2print.ro\/shop\/wp-json\/wp\/v2\/types\/product"}],"replies":[{"embeddable":true,"href":"https:\/\/web2print.ro\/shop\/wp-json\/wp\/v2\/comments?post=636520"}],"wp:featuredmedia":[{"embeddable":true,"href":"https:\/\/web2print.ro\/shop\/wp-json\/wp\/v2\/media\/636522"}],"wp:attachment":[{"href":"https:\/\/web2print.ro\/shop\/wp-json\/wp\/v2\/media?parent=636520"}],"wp:term":[{"taxonomy":"product_brand","embeddable":true,"href":"https:\/\/web2print.ro\/shop\/wp-json\/wp\/v2\/product_brand?post=636520"},{"taxonomy":"product_cat","embeddable":true,"href":"https:\/\/web2print.ro\/shop\/wp-json\/wp\/v2\/product_cat?post=636520"},{"taxonomy":"product_tag","embeddable":true,"href":"https:\/\/web2print.ro\/shop\/wp-json\/wp\/v2\/product_tag?post=636520"}],"curies":[{"name":"wp","href":"https:\/\/api.w.org\/{rel}","templated":true}]}}