{"id":639566,"date":"2026-01-22T15:27:03","date_gmt":"2026-01-22T13:27:03","guid":{"rendered":"https:\/\/web2print.ro\/shop\/warshel-5-power-bank-magnetic-de-5000-mah-cu-incarcator-wireless-ultrarapid-de-15w-din-abs-reciclat-100-rabs-cu-suport\/"},"modified":"2026-05-06T15:57:11","modified_gmt":"2026-05-06T12:57:11","slug":"warshel-5-power-bank-magnetic-de-5000-mah-cu-incarcator-wireless-ultrarapid-de-15w-din-abs-reciclat-100-rabs-cu-suport-2","status":"publish","type":"product","link":"https:\/\/web2print.ro\/shop\/warshel-5-power-bank-magnetic-de-5000-mah-cu-incarcator-wireless-ultrarapid-de-15w-din-abs-reciclat-100-rabs-cu-suport-2\/","title":{"rendered":"WARSHEL 5. Power bank magnetic de 5&#8217;000 mAh cu \u00eenc\u0103rc\u0103tor wireless ultrarapid de 15W din ABS reciclat (100% rABS) cu suport personalizat"},"content":{"rendered":"<h1>WARSHEL 5. Power bank magnetic de 5&#8217;000 mAh cu \u00eenc\u0103rc\u0103tor wireless ultrarapid de 15W din ABS reciclat (100% rABS) cu suport<\/h1>\n<p>WARSHEL 5. Power bank magnetic de 5&#8217;000 mAh cu \u00eenc\u0103rc\u0103tor wireless ultrarapid de 15W din ABS reciclat (100% rABS) cu suport este solu\u021bia perfect\u0103 pentru a-\u021bi men\u021bine dispozitivele mobile \u00eenc\u0103rcate \u0219i gata de utilizare \u00een orice moment. Cu un design elegant \u0219i func\u021bionalitate de top, acest power bank nu doar c\u0103 \u00ee\u021bi va oferi energie rapid\u0103, dar \u00ee\u021bi va permite \u0219i s\u0103 \u00ee\u021bi ajustezi dispozitivele pentru o utilizare confortabil\u0103. Nu l\u0103sa bateria desc\u0103rcat\u0103 s\u0103 te opreasc\u0103 din activit\u0103\u021bile tale!<\/p>\n<h2>Caracteristici Principale<\/h2>\n<ul>\n<li><strong>Capacitate Baterie<\/strong>: 5&#8217;000 mAh, asigur\u00e2nd o \u00eenc\u0103rcare eficient\u0103 pentru smartphone-uri \u0219i alte dispozitive mobile.<\/li>\n<li><strong>\u00cenc\u0103rcare Wireless Ultrapid\u0103<\/strong>: Cu o putere de 15W, acest power bank \u00ee\u021bi va \u00eenc\u0103rca dispozitivele f\u0103r\u0103 fir \u00eentr-un timp record.<\/li>\n<li><strong>Material Ecologic<\/strong>: Fabricat din ABS reciclat (100% rABS), contribuind astfel la protec\u021bia mediului.<\/li>\n<li><strong>Prindere Magnetic\u0103<\/strong>: Include un inel de sus\u021binere care permite rotirea 360\u00ba a dispozitivului pentru o utilizare mai confortabil\u0103.<\/li>\n<li><strong>Compatibilitate Extins\u0103<\/strong>: Func\u021bioneaz\u0103 perfect cu iPhone 12 \u0219i versiunile ulterioare, precum \u0219i cu alte dispozitive dotate cu tehnologie magnetic\u0103.<\/li>\n<\/ul>\n<h3>Specifica\u021bii Complete<\/h3>\n<ul>\n<li><strong>Dimensiuni Ambalaj<\/strong>: 105 x 69 x 10 mm (cutie cadou din h\u00e2rtie kraft reciclat\u0103) | 110 x 95 x 20 mm (case)<\/li>\n<li><strong>Material<\/strong>: ABS reciclat (100% rABS)<\/li>\n<li><strong>Greutate<\/strong>: [informa\u021bie lips\u0103]<\/li>\n<li><strong>Culori disponibile<\/strong>: [informa\u021bie lips\u0103]<\/li>\n<li><strong>Intrare<\/strong>: 2 x USB-C (18 W)<\/li>\n<li><strong>Ie\u0219ire<\/strong>: 2 x USB-C (PD 20 W)<\/li>\n<li><strong>Include<\/strong>: prindere magnetic\u0103 suplimentar\u0103, cablu USB-C\/USB-C cu adaptor USB-A<\/li>\n<\/ul>\n<h2>Beneficii pentru Utilizator<\/h2>\n<p>Cu WARSHEL 5, \u00ee\u021bi vei putea \u00eenc\u0103rca dispozitivele rapid \u0219i eficient, f\u0103r\u0103 a mai fi nevoit s\u0103 cau\u021bi prize electrice. Designul s\u0103u sub\u021bire \u0219i u\u0219or \u00ee\u021bi permite s\u0103 \u00eel transporti cu u\u0219urin\u021b\u0103, astfel \u00eenc\u00e2t s\u0103 po\u021bi beneficia de energie oriunde te-ai afla. \u00cen plus, prinderea magnetic\u0103 permite o utilizare confortabil\u0103, f\u0103r\u0103 teama de a-\u021bi sc\u0103pa telefonul. Alege s\u0103 \u00ee\u021bi optimizezi experien\u021ba de utilizare a dispozitivelor mobile cu acest power bank ecologic \u0219i performant!<\/p>\n<h2>De ce s\u0103 Alegi WARSHEL 5?<\/h2>\n<p>Comparativ cu alte power bank-uri de pe pia\u021b\u0103, WARSHEL 5 se distinge prin designul s\u0103u magnetic \u0219i prin materialele ecologice utilizate. Mul\u021bi utilizatori au l\u0103udat eficien\u021ba sa \u00een \u00eenc\u0103rcarea rapid\u0103, ceea ce \u00eel face un companion ideal pentru cei care sunt mereu pe fug\u0103. De asemenea, av\u00e2nd \u00een vedere angajamentul fa\u021b\u0103 de mediu, aleg\u00e2nd acest produs, contribui la un viitor mai verde. Nu mai a\u0219tepta, investe\u0219te \u00een WARSHEL 5 \u0219i bucur\u0103-te de un stil de via\u021b\u0103 activ \u0219i conectat!<\/p>\n","protected":false},"excerpt":{"rendered":"<p>Baterie extern\u0103 magnetic\u0103 cu design sub\u021bire \u0219i \u00eenc\u0103rcare wireless super-rapid\u0103, care se remarc\u0103 datorit\u0103 inelului de sus\u021binere care v\u0103 permite s\u0103 adapta\u021bi pozi\u021bia dispozitivului mobil pentru o utilizare mai confortabil\u0103 (rota\u021bie 360\u00ba). Bateria extern\u0103 garanteaz\u0103 performan\u021be ridicate, astfel \u00eenc\u00e2t s\u0103 nu r\u0103m\u00e2ne\u021bi niciodat\u0103 f\u0103r\u0103 baterie.<\/p>\n<p><b>Material:<\/b> ABS reciclat (100% rABS)<br \/><b>Capacitate:<\/b> 5.000 mAh<br \/><b>Putere de \u00eenc\u0103rcare wireless:<\/b> 15 W<br \/><b>Intrare:<\/b> 2 x USB-C (18 W)<br \/><b>Ie\u0219ire:<\/b> 2 x USB-C (PD 20 W)<br \/><b>Include:<\/b> prindere magnetic\u0103 suplimentar\u0103, cablu USB-C\/USB-C cu adaptor USB-A<br \/><b>Caracteristici:<\/b> v\u0103 permite s\u0103 \u00eenc\u0103rca\u021bi 3 dispozitive simultan<br \/><b>Compatibilitate:<\/b> iPhone 12 \u0219i versiuni ulterioare, dispozitive cu tehnologie magnetic\u0103 (de exemplu, Magsafe sau cu prindere magnetic\u0103)<br \/><b>Ambalaj:<\/b> cutie cadou din h\u00e2rtie kraft reciclat\u0103<\/p>\n","protected":false},"featured_media":639555,"comment_status":"open","ping_status":"closed","template":"","meta":{"_joinchat":[]},"product_brand":[],"product_cat":[3273,3256,3223],"product_tag":[],"class_list":{"0":"post-639566","1":"product","2":"type-product","3":"status-publish","4":"has-post-thumbnail","6":"product_cat-noutati-2026","7":"product_cat-powerbank-uri-si-incarcatoare","8":"product_cat-tehnologie","10":"first","11":"instock","12":"taxable","13":"shipping-taxable","14":"purchasable","15":"product-type-simple"},"_links":{"self":[{"href":"https:\/\/web2print.ro\/shop\/wp-json\/wp\/v2\/product\/639566","targetHints":{"allow":["GET"]}}],"collection":[{"href":"https:\/\/web2print.ro\/shop\/wp-json\/wp\/v2\/product"}],"about":[{"href":"https:\/\/web2print.ro\/shop\/wp-json\/wp\/v2\/types\/product"}],"replies":[{"embeddable":true,"href":"https:\/\/web2print.ro\/shop\/wp-json\/wp\/v2\/comments?post=639566"}],"wp:featuredmedia":[{"embeddable":true,"href":"https:\/\/web2print.ro\/shop\/wp-json\/wp\/v2\/media\/639555"}],"wp:attachment":[{"href":"https:\/\/web2print.ro\/shop\/wp-json\/wp\/v2\/media?parent=639566"}],"wp:term":[{"taxonomy":"product_brand","embeddable":true,"href":"https:\/\/web2print.ro\/shop\/wp-json\/wp\/v2\/product_brand?post=639566"},{"taxonomy":"product_cat","embeddable":true,"href":"https:\/\/web2print.ro\/shop\/wp-json\/wp\/v2\/product_cat?post=639566"},{"taxonomy":"product_tag","embeddable":true,"href":"https:\/\/web2print.ro\/shop\/wp-json\/wp\/v2\/product_tag?post=639566"}],"curies":[{"name":"wp","href":"https:\/\/api.w.org\/{rel}","templated":true}]}}