{"id":639594,"date":"2026-01-22T15:27:20","date_gmt":"2026-01-22T13:27:20","guid":{"rendered":"https:\/\/web2print.ro\/shop\/becker-20-power-bank-de-20000-mah-din-abs-reciclat-100-rabs-cu-incarcator-wireless-super-rapid-de-15w-2\/"},"modified":"2026-04-28T15:56:42","modified_gmt":"2026-04-28T12:56:42","slug":"becker-20-power-bank-de-20000-mah-din-abs-reciclat-100-rabs-cu-incarcator-wireless-super-rapid-de-15w-2","status":"publish","type":"product","link":"https:\/\/web2print.ro\/shop\/becker-20-power-bank-de-20000-mah-din-abs-reciclat-100-rabs-cu-incarcator-wireless-super-rapid-de-15w-2\/","title":{"rendered":"BECKER 20. Power bank de 20&#8217;000 mAh din ABS reciclat (100% rABS) cu \u00eenc\u0103rc\u0103tor wireless super rapid de 15W personalizat"},"content":{"rendered":"<h1>BECKER 20. Power bank de 20&#8217;000 mAh din ABS reciclat (100% rABS) cu \u00eenc\u0103rc\u0103tor wireless super rapid de 15W<\/h1>\n<p>Descoper\u0103 BECKER 20, power bank-ul de 20&#8217;000 mAh din ABS reciclat (100% rABS) cu \u00eenc\u0103rc\u0103tor wireless super rapid de 15W, creat pentru a-\u021bi oferi libertatea de a r\u0103m\u00e2ne conectat oriunde te-ai afla. Cu un design modern \u0219i func\u021bionalit\u0103\u021bi avansate, acest power bank \u00ee\u021bi va transforma experien\u021ba de \u00eenc\u0103rcare, asigur\u00e2ndu-\u021bi c\u0103 nu vei r\u0103m\u00e2ne niciodat\u0103 f\u0103r\u0103 energie. Alege inova\u021bia \u0219i sustenabilitatea cu BECKER 20!<\/p>\n<h2>Caracteristici Principale<\/h2>\n<ul>\n<li><strong>Capacitate Mare<\/strong>: Cu o capacitate de 20&#8217;000 mAh, BECKER 20 \u00ee\u021bi permite s\u0103 \u00eencarci dispozitivele tale de mai multe ori, asigur\u00e2ndu-\u021bi energia necesar\u0103 pe parcursul zilei.<\/li>\n<li><strong>\u00cenc\u0103rcare Wireless Super Rapid\u0103<\/strong>: Tehnologia de \u00eenc\u0103rcare wireless de 15W ofer\u0103 o experien\u021b\u0103 de \u00eenc\u0103rcare rapid\u0103 \u0219i eficient\u0103, elimin\u00e2nd nevoia de cabluri \u0219i facilit\u00e2nd utilizarea.<\/li>\n<li><strong>Material Sustenabil<\/strong>: Fabricat din ABS reciclat (100% rABS), acest power bank nu doar c\u0103 \u00ee\u021bi ofer\u0103 energie, ci contribuie \u0219i la protejarea mediului \u00eenconjur\u0103tor.<\/li>\n<li><strong>Multiple Porturi de \u00cenc\u0103rcare<\/strong>: Cu porturi USB-C (PD 20 W) \u0219i USB-A (QC 18 W), po\u021bi \u00eenc\u0103rca p\u00e2n\u0103 la 3 dispozitive simultan, f\u0103r\u0103 a compromite viteza de \u00eenc\u0103rcare.<\/li>\n<li><strong>Ecran LED Integrat<\/strong>: Ecranul LED afi\u0219eaz\u0103 nivelul de \u00eenc\u0103rcare al bateriei, astfel \u00eenc\u00e2t s\u0103 \u0219tii \u00eentotdeauna c\u00e2t\u0103 energie mai ai la dispozi\u021bie.<\/li>\n<\/ul>\n<h3>Specifica\u021bii Complete<\/h3>\n<ul>\n<li><strong>Dimensiuni<\/strong>: 141 x 72 x 29 mm (ambalaj), 145 x 93 x 34 mm (cutie)<\/li>\n<li><strong>Material<\/strong>: ABS reciclat (100% rABS)<\/li>\n<li><strong>Greutate<\/strong>: [informa\u021bie lips\u0103]<\/li>\n<li><strong>Culori disponibile<\/strong>: [informa\u021bie lips\u0103]<\/li>\n<\/ul>\n<h2>Beneficii pentru Utilizator<\/h2>\n<p>Cu BECKER 20, tu nu trebuie s\u0103 \u00ee\u021bi mai faci griji cu privire la bateria dispozitivelor tale. Indiferent dac\u0103 e\u0219ti la birou, \u00een c\u0103l\u0103torie sau acas\u0103, acest power bank \u00ee\u021bi ofer\u0103 solu\u021bia ideal\u0103 pentru a r\u0103m\u00e2ne conectat. Beneficiile sale includ:<\/p>\n<ul>\n<li><strong>Eficien\u021b\u0103<\/strong>: \u00cenc\u0103rcarea rapid\u0103 \u0219i capacitatea de a conecta mai multe dispozitive simultan \u00ee\u021bi economisesc timp pre\u021bios.<\/li>\n<li><strong>Practicitate<\/strong>: Designul compact \u0219i u\u0219or de transportat \u00ee\u021bi permite s\u0103 \u00eel iei oriunde, f\u0103r\u0103 a ocupa mult spa\u021biu.<\/li>\n<li><strong>Responsabilitate Ecologic\u0103<\/strong>: Folosind un material reciclat, contribui la un mediu mai curat \u0219i mai s\u0103n\u0103tos pentru viitor.<\/li>\n<\/ul>\n<h2>De ce s\u0103 Alegi BECKER 20?<\/h2>\n<p>BECKER 20 se distinge de alte power bank-uri printr-o combina\u021bie unic\u0103 de capacitate mare, tehnologii avansate de \u00eenc\u0103rcare \u0219i un angajament fa\u021b\u0103 de sustenabilitate. Spre deosebire de alternative, acest produs nu doar c\u0103 \u00ee\u021bi ofer\u0103 performan\u021b\u0103, dar \u0219i un impact pozitiv asupra mediului. De asemenea, ambalajul din h\u00e2rtie kraft reciclat\u0103 subliniaz\u0103 angajamentul brandului pentru un viitor mai verde.<\/p>\n<p>Alege BECKER 20 pentru a te bucura de un accesibil \u0219i eficient power bank, proiectat pentru nevoile tale moderne!<\/p>\n","protected":false},"excerpt":{"rendered":"<p>Baterie extern\u0103 cu un design exclusiv, \u00eenc\u0103rcare wireless super-rapid\u0103 \u0219i ecran LED integrat care afi\u0219eaz\u0103 nivelul de \u00eenc\u0103rcare, permi\u021b\u00e2ndu-\u021bi s\u0103 fii \u00eentotdeauna preg\u0103tit \u0219i s\u0103 nu pleci niciodat\u0103 de acas\u0103 f\u0103r\u0103 baterie. Proiectat\u0103 cu o aten\u021bie deosebit\u0103 la detalii, suprafa\u021ba mare de imprimare \u0219i detaliile texturate de pe lateral \u00eei confer\u0103 un stil premium.<\/p>\n<p><b>Material:<\/b> ABS reciclat (100% rABS)<br \/><b>Capacitate:<\/b> 20.000 mAh<br \/><b>Putere de \u00eenc\u0103rcare wireless:<\/b> 15 W<br \/><b>Intrare:<\/b> USB-C (PD 18 W)<br \/><b>Ie\u0219ire:<\/b> USB-C (PD 20 W), USB-A (QC18 W)<br \/><b>Include:<\/b> cablu USB-C\/USB-C cu adaptor USB-A<br \/><b>Caracteristici:<\/b> v\u0103 permite s\u0103 \u00eenc\u0103rca\u021bi 3 dispozitive simultan<br \/><b>Ambalaj:<\/b> cutie cadou din h\u00e2rtie kraft reciclat\u0103<\/p>\n","protected":false},"featured_media":639582,"comment_status":"open","ping_status":"closed","template":"","meta":{"_joinchat":[]},"product_brand":[],"product_cat":[3273,3256,3223],"product_tag":[],"class_list":{"0":"post-639594","1":"product","2":"type-product","3":"status-publish","4":"has-post-thumbnail","6":"product_cat-noutati-2026","7":"product_cat-powerbank-uri-si-incarcatoare","8":"product_cat-tehnologie","10":"first","11":"instock","12":"taxable","13":"shipping-taxable","14":"purchasable","15":"product-type-simple"},"_links":{"self":[{"href":"https:\/\/web2print.ro\/shop\/wp-json\/wp\/v2\/product\/639594","targetHints":{"allow":["GET"]}}],"collection":[{"href":"https:\/\/web2print.ro\/shop\/wp-json\/wp\/v2\/product"}],"about":[{"href":"https:\/\/web2print.ro\/shop\/wp-json\/wp\/v2\/types\/product"}],"replies":[{"embeddable":true,"href":"https:\/\/web2print.ro\/shop\/wp-json\/wp\/v2\/comments?post=639594"}],"wp:featuredmedia":[{"embeddable":true,"href":"https:\/\/web2print.ro\/shop\/wp-json\/wp\/v2\/media\/639582"}],"wp:attachment":[{"href":"https:\/\/web2print.ro\/shop\/wp-json\/wp\/v2\/media?parent=639594"}],"wp:term":[{"taxonomy":"product_brand","embeddable":true,"href":"https:\/\/web2print.ro\/shop\/wp-json\/wp\/v2\/product_brand?post=639594"},{"taxonomy":"product_cat","embeddable":true,"href":"https:\/\/web2print.ro\/shop\/wp-json\/wp\/v2\/product_cat?post=639594"},{"taxonomy":"product_tag","embeddable":true,"href":"https:\/\/web2print.ro\/shop\/wp-json\/wp\/v2\/product_tag?post=639594"}],"curies":[{"name":"wp","href":"https:\/\/api.w.org\/{rel}","templated":true}]}}