{"id":640106,"date":"2026-01-30T16:19:08","date_gmt":"2026-01-30T14:19:08","guid":{"rendered":"https:\/\/web2print.ro\/shop\/?post_type=product&#038;p=640106"},"modified":"2026-01-30T16:19:09","modified_gmt":"2026-01-30T14:19:09","slug":"set-de-scris-din-metal","status":"publish","type":"product","link":"https:\/\/web2print.ro\/shop\/set-de-scris-din-metal\/","title":{"rendered":"Set de scris din metal"},"content":{"rendered":"<p>Set de scris din metal cu cerneal\u0103 albastr\u0103, format dintr-un pix (lungime de scriere 800 m) \u0219i stilou roller (lungime de scriere 500 m) \u00eentr-o cutie pliabil\u0103 \u00een culori asortate.<\/p>\n","protected":false},"excerpt":{"rendered":"<p>Set de scris din metal cu cerneal\u0103 albastr\u0103, format dintr-un pix (lungime de scriere 800 m) \u0219i stilou roller (lungime<\/p>\n","protected":false},"featured_media":640108,"comment_status":"open","ping_status":"closed","template":"","meta":{"_joinchat":[]},"product_brand":[],"product_cat":[3273],"product_tag":[],"class_list":{"0":"post-640106","1":"product","2":"type-product","3":"status-publish","4":"has-post-thumbnail","6":"product_cat-noutati-2026","8":"first","9":"instock","10":"taxable","11":"shipping-taxable","12":"product-type-variable"},"_links":{"self":[{"href":"https:\/\/web2print.ro\/shop\/wp-json\/wp\/v2\/product\/640106","targetHints":{"allow":["GET"]}}],"collection":[{"href":"https:\/\/web2print.ro\/shop\/wp-json\/wp\/v2\/product"}],"about":[{"href":"https:\/\/web2print.ro\/shop\/wp-json\/wp\/v2\/types\/product"}],"replies":[{"embeddable":true,"href":"https:\/\/web2print.ro\/shop\/wp-json\/wp\/v2\/comments?post=640106"}],"wp:featuredmedia":[{"embeddable":true,"href":"https:\/\/web2print.ro\/shop\/wp-json\/wp\/v2\/media\/640108"}],"wp:attachment":[{"href":"https:\/\/web2print.ro\/shop\/wp-json\/wp\/v2\/media?parent=640106"}],"wp:term":[{"taxonomy":"product_brand","embeddable":true,"href":"https:\/\/web2print.ro\/shop\/wp-json\/wp\/v2\/product_brand?post=640106"},{"taxonomy":"product_cat","embeddable":true,"href":"https:\/\/web2print.ro\/shop\/wp-json\/wp\/v2\/product_cat?post=640106"},{"taxonomy":"product_tag","embeddable":true,"href":"https:\/\/web2print.ro\/shop\/wp-json\/wp\/v2\/product_tag?post=640106"}],"curies":[{"name":"wp","href":"https:\/\/api.w.org\/{rel}","templated":true}]}}