{"id":640127,"date":"2026-01-30T16:19:09","date_gmt":"2026-01-30T14:19:09","guid":{"rendered":"https:\/\/web2print.ro\/shop\/?post_type=product&#038;p=640127"},"modified":"2026-01-30T16:19:11","modified_gmt":"2026-01-30T14:19:11","slug":"pix-cu-touchpen","status":"publish","type":"product","link":"https:\/\/web2print.ro\/shop\/pix-cu-touchpen\/","title":{"rendered":"Pix cu touchpen"},"content":{"rendered":"<p>Ballpen tactil integrat pentru smartphone-uri \u0219i tablete. Are finisaj lucios, cu efect oglind\u0103 colorat\u0103, cerneal\u0103 albastr\u0103.<\/p>\n","protected":false},"excerpt":{"rendered":"<p>Ballpen tactil integrat pentru smartphone-uri \u0219i tablete. Are finisaj lucios, cu efect oglind\u0103 colorat\u0103, cerneal\u0103 albastr\u0103.<\/p>\n","protected":false},"featured_media":640129,"comment_status":"open","ping_status":"closed","template":"","meta":{"_joinchat":[]},"product_brand":[],"product_cat":[3273],"product_tag":[],"class_list":{"0":"post-640127","1":"product","2":"type-product","3":"status-publish","4":"has-post-thumbnail","6":"product_cat-noutati-2026","8":"first","9":"instock","10":"taxable","11":"shipping-taxable","12":"product-type-variable"},"_links":{"self":[{"href":"https:\/\/web2print.ro\/shop\/wp-json\/wp\/v2\/product\/640127","targetHints":{"allow":["GET"]}}],"collection":[{"href":"https:\/\/web2print.ro\/shop\/wp-json\/wp\/v2\/product"}],"about":[{"href":"https:\/\/web2print.ro\/shop\/wp-json\/wp\/v2\/types\/product"}],"replies":[{"embeddable":true,"href":"https:\/\/web2print.ro\/shop\/wp-json\/wp\/v2\/comments?post=640127"}],"wp:featuredmedia":[{"embeddable":true,"href":"https:\/\/web2print.ro\/shop\/wp-json\/wp\/v2\/media\/640129"}],"wp:attachment":[{"href":"https:\/\/web2print.ro\/shop\/wp-json\/wp\/v2\/media?parent=640127"}],"wp:term":[{"taxonomy":"product_brand","embeddable":true,"href":"https:\/\/web2print.ro\/shop\/wp-json\/wp\/v2\/product_brand?post=640127"},{"taxonomy":"product_cat","embeddable":true,"href":"https:\/\/web2print.ro\/shop\/wp-json\/wp\/v2\/product_cat?post=640127"},{"taxonomy":"product_tag","embeddable":true,"href":"https:\/\/web2print.ro\/shop\/wp-json\/wp\/v2\/product_tag?post=640127"}],"curies":[{"name":"wp","href":"https:\/\/api.w.org\/{rel}","templated":true}]}}