{"id":640185,"date":"2026-01-30T16:19:12","date_gmt":"2026-01-30T14:19:12","guid":{"rendered":"https:\/\/web2print.ro\/shop\/?post_type=product&#038;p=640185"},"modified":"2026-01-30T16:19:13","modified_gmt":"2026-01-30T14:19:13","slug":"pix-cu-clips-transparent","status":"publish","type":"product","link":"https:\/\/web2print.ro\/shop\/pix-cu-clips-transparent\/","title":{"rendered":"Pix cu clips transparent"},"content":{"rendered":"<p>Pix din aluminiu reciclat \u0219i plastic reciclat (RPET) cu clem\u0103 transparent\u0103 \u0219i min\u0103 cu cerneal\u0103 albastr\u0103.<\/p>\n","protected":false},"excerpt":{"rendered":"<p>Pix din aluminiu reciclat \u0219i plastic reciclat (RPET) cu clem\u0103 transparent\u0103 \u0219i min\u0103 cu cerneal\u0103 albastr\u0103.<\/p>\n","protected":false},"featured_media":640187,"comment_status":"open","ping_status":"closed","template":"","meta":{"_joinchat":[]},"product_brand":[],"product_cat":[3273,3086,3078],"product_tag":[],"class_list":{"0":"post-640185","1":"product","2":"type-product","3":"status-publish","4":"has-post-thumbnail","6":"product_cat-noutati-2026","7":"product_cat-pixuri-din-plastic","8":"product_cat-pixuri-ecologice","10":"first","11":"instock","12":"taxable","13":"shipping-taxable","14":"product-type-variable"},"_links":{"self":[{"href":"https:\/\/web2print.ro\/shop\/wp-json\/wp\/v2\/product\/640185","targetHints":{"allow":["GET"]}}],"collection":[{"href":"https:\/\/web2print.ro\/shop\/wp-json\/wp\/v2\/product"}],"about":[{"href":"https:\/\/web2print.ro\/shop\/wp-json\/wp\/v2\/types\/product"}],"replies":[{"embeddable":true,"href":"https:\/\/web2print.ro\/shop\/wp-json\/wp\/v2\/comments?post=640185"}],"wp:featuredmedia":[{"embeddable":true,"href":"https:\/\/web2print.ro\/shop\/wp-json\/wp\/v2\/media\/640187"}],"wp:attachment":[{"href":"https:\/\/web2print.ro\/shop\/wp-json\/wp\/v2\/media?parent=640185"}],"wp:term":[{"taxonomy":"product_brand","embeddable":true,"href":"https:\/\/web2print.ro\/shop\/wp-json\/wp\/v2\/product_brand?post=640185"},{"taxonomy":"product_cat","embeddable":true,"href":"https:\/\/web2print.ro\/shop\/wp-json\/wp\/v2\/product_cat?post=640185"},{"taxonomy":"product_tag","embeddable":true,"href":"https:\/\/web2print.ro\/shop\/wp-json\/wp\/v2\/product_tag?post=640185"}],"curies":[{"name":"wp","href":"https:\/\/api.w.org\/{rel}","templated":true}]}}