{"id":640255,"date":"2026-01-30T16:19:14","date_gmt":"2026-01-30T14:19:14","guid":{"rendered":"https:\/\/web2print.ro\/shop\/?post_type=product&#038;p=640255"},"modified":"2026-01-30T16:19:15","modified_gmt":"2026-01-30T14:19:15","slug":"cutter-2-in-1-cu-carioca","status":"publish","type":"product","link":"https:\/\/web2print.ro\/shop\/cutter-2-in-1-cu-carioca\/","title":{"rendered":"Cutter 2-\u00een-1 cu carioc\u0103"},"content":{"rendered":"<p>Cutter 2-\u00een-1 cu carioc\u0103, din plastic. Markerul scrie \u00een culoarea capacului.<\/p>\n","protected":false},"excerpt":{"rendered":"<p>Cutter 2-\u00een-1 cu carioc\u0103, din plastic. Markerul scrie \u00een culoarea capacului.<\/p>\n","protected":false},"featured_media":640257,"comment_status":"open","ping_status":"closed","template":"","meta":{"_joinchat":[]},"product_brand":[],"product_cat":[3273,3086],"product_tag":[],"class_list":{"0":"post-640255","1":"product","2":"type-product","3":"status-publish","4":"has-post-thumbnail","6":"product_cat-noutati-2026","7":"product_cat-pixuri-din-plastic","9":"first","10":"instock","11":"taxable","12":"shipping-taxable","13":"product-type-variable"},"_links":{"self":[{"href":"https:\/\/web2print.ro\/shop\/wp-json\/wp\/v2\/product\/640255","targetHints":{"allow":["GET"]}}],"collection":[{"href":"https:\/\/web2print.ro\/shop\/wp-json\/wp\/v2\/product"}],"about":[{"href":"https:\/\/web2print.ro\/shop\/wp-json\/wp\/v2\/types\/product"}],"replies":[{"embeddable":true,"href":"https:\/\/web2print.ro\/shop\/wp-json\/wp\/v2\/comments?post=640255"}],"wp:featuredmedia":[{"embeddable":true,"href":"https:\/\/web2print.ro\/shop\/wp-json\/wp\/v2\/media\/640257"}],"wp:attachment":[{"href":"https:\/\/web2print.ro\/shop\/wp-json\/wp\/v2\/media?parent=640255"}],"wp:term":[{"taxonomy":"product_brand","embeddable":true,"href":"https:\/\/web2print.ro\/shop\/wp-json\/wp\/v2\/product_brand?post=640255"},{"taxonomy":"product_cat","embeddable":true,"href":"https:\/\/web2print.ro\/shop\/wp-json\/wp\/v2\/product_cat?post=640255"},{"taxonomy":"product_tag","embeddable":true,"href":"https:\/\/web2print.ro\/shop\/wp-json\/wp\/v2\/product_tag?post=640255"}],"curies":[{"name":"wp","href":"https:\/\/api.w.org\/{rel}","templated":true}]}}