{"id":640359,"date":"2026-01-30T16:19:18","date_gmt":"2026-01-30T14:19:18","guid":{"rendered":"https:\/\/web2print.ro\/shop\/?post_type=product&#038;p=640359"},"modified":"2026-01-30T16:19:19","modified_gmt":"2026-01-30T14:19:19","slug":"notes-a5-din-pu-moale","status":"publish","type":"product","link":"https:\/\/web2print.ro\/shop\/notes-a5-din-pu-moale\/","title":{"rendered":"Notes A5 din PU moale"},"content":{"rendered":"<p>Caiet notes A5 de \u00eenalt\u0103 calitate, cu 264 pagini liniate din h\u00e2rtie reciclat\u0103 \u0219i copert\u0103 PU durabil\u0103, semn de carte din panglic\u0103. Ideal pentru noti\u021be, schi\u021be.<\/p>\n","protected":false},"excerpt":{"rendered":"<p>Caiet notes A5 de \u00eenalt\u0103 calitate, cu 264 pagini liniate din h\u00e2rtie reciclat\u0103 \u0219i copert\u0103 PU durabil\u0103, semn de carte<\/p>\n","protected":false},"featured_media":640361,"comment_status":"open","ping_status":"closed","template":"","meta":{"_joinchat":[]},"product_brand":[],"product_cat":[3273],"product_tag":[],"class_list":{"0":"post-640359","1":"product","2":"type-product","3":"status-publish","4":"has-post-thumbnail","6":"product_cat-noutati-2026","8":"first","9":"instock","10":"taxable","11":"shipping-taxable","12":"product-type-variable"},"_links":{"self":[{"href":"https:\/\/web2print.ro\/shop\/wp-json\/wp\/v2\/product\/640359","targetHints":{"allow":["GET"]}}],"collection":[{"href":"https:\/\/web2print.ro\/shop\/wp-json\/wp\/v2\/product"}],"about":[{"href":"https:\/\/web2print.ro\/shop\/wp-json\/wp\/v2\/types\/product"}],"replies":[{"embeddable":true,"href":"https:\/\/web2print.ro\/shop\/wp-json\/wp\/v2\/comments?post=640359"}],"wp:featuredmedia":[{"embeddable":true,"href":"https:\/\/web2print.ro\/shop\/wp-json\/wp\/v2\/media\/640361"}],"wp:attachment":[{"href":"https:\/\/web2print.ro\/shop\/wp-json\/wp\/v2\/media?parent=640359"}],"wp:term":[{"taxonomy":"product_brand","embeddable":true,"href":"https:\/\/web2print.ro\/shop\/wp-json\/wp\/v2\/product_brand?post=640359"},{"taxonomy":"product_cat","embeddable":true,"href":"https:\/\/web2print.ro\/shop\/wp-json\/wp\/v2\/product_cat?post=640359"},{"taxonomy":"product_tag","embeddable":true,"href":"https:\/\/web2print.ro\/shop\/wp-json\/wp\/v2\/product_tag?post=640359"}],"curies":[{"name":"wp","href":"https:\/\/api.w.org\/{rel}","templated":true}]}}