{"id":640418,"date":"2026-01-30T16:19:22","date_gmt":"2026-01-30T14:19:22","guid":{"rendered":"https:\/\/web2print.ro\/shop\/?post_type=product&#038;p=640418"},"modified":"2026-01-30T16:19:24","modified_gmt":"2026-01-30T14:19:24","slug":"notes-a5-cu-inchidere-magnetica","status":"publish","type":"product","link":"https:\/\/web2print.ro\/shop\/notes-a5-cu-inchidere-magnetica\/","title":{"rendered":"Notes A5 cu \u00eenchidere magnetic\u0103"},"content":{"rendered":"<p>Caiet notes A5 cu \u00eenchidere magnetic\u0103, copert\u0103 PU reciclat\u0103 \u0219i 192 pagini liniate (96 coli, 80 g\/m\u00b2).<\/p>\n","protected":false},"excerpt":{"rendered":"<p>Caiet notes A5 cu \u00eenchidere magnetic\u0103, copert\u0103 PU reciclat\u0103 \u0219i 192 pagini liniate (96 coli, 80 g\/m\u00b2).<\/p>\n","protected":false},"featured_media":640420,"comment_status":"open","ping_status":"closed","template":"","meta":{"_joinchat":[]},"product_brand":[],"product_cat":[3273],"product_tag":[],"class_list":{"0":"post-640418","1":"product","2":"type-product","3":"status-publish","4":"has-post-thumbnail","6":"product_cat-noutati-2026","8":"first","9":"instock","10":"taxable","11":"shipping-taxable","12":"product-type-variable"},"_links":{"self":[{"href":"https:\/\/web2print.ro\/shop\/wp-json\/wp\/v2\/product\/640418","targetHints":{"allow":["GET"]}}],"collection":[{"href":"https:\/\/web2print.ro\/shop\/wp-json\/wp\/v2\/product"}],"about":[{"href":"https:\/\/web2print.ro\/shop\/wp-json\/wp\/v2\/types\/product"}],"replies":[{"embeddable":true,"href":"https:\/\/web2print.ro\/shop\/wp-json\/wp\/v2\/comments?post=640418"}],"wp:featuredmedia":[{"embeddable":true,"href":"https:\/\/web2print.ro\/shop\/wp-json\/wp\/v2\/media\/640420"}],"wp:attachment":[{"href":"https:\/\/web2print.ro\/shop\/wp-json\/wp\/v2\/media?parent=640418"}],"wp:term":[{"taxonomy":"product_brand","embeddable":true,"href":"https:\/\/web2print.ro\/shop\/wp-json\/wp\/v2\/product_brand?post=640418"},{"taxonomy":"product_cat","embeddable":true,"href":"https:\/\/web2print.ro\/shop\/wp-json\/wp\/v2\/product_cat?post=640418"},{"taxonomy":"product_tag","embeddable":true,"href":"https:\/\/web2print.ro\/shop\/wp-json\/wp\/v2\/product_tag?post=640418"}],"curies":[{"name":"wp","href":"https:\/\/api.w.org\/{rel}","templated":true}]}}