{"id":640641,"date":"2026-01-30T16:19:33","date_gmt":"2026-01-30T14:19:33","guid":{"rendered":"https:\/\/web2print.ro\/shop\/?post_type=product&#038;p=640641"},"modified":"2026-01-30T16:19:35","modified_gmt":"2026-01-30T14:19:35","slug":"geanta-mica-de-umar-din-poliester","status":"publish","type":"product","link":"https:\/\/web2print.ro\/shop\/geanta-mica-de-umar-din-poliester\/","title":{"rendered":"Geant\u0103 mic\u0103 de um\u0103r din poliester"},"content":{"rendered":"<p>Geant\u0103 mic\u0103 de um\u0103r din poliester cu fermoar, pentru smartphone, chei etc., cu bretele \u00een culori trendy.<\/p>\n","protected":false},"excerpt":{"rendered":"<p>Geant\u0103 mic\u0103 de um\u0103r din poliester cu fermoar, pentru smartphone, chei etc., cu bretele \u00een culori trendy.<\/p>\n","protected":false},"featured_media":640643,"comment_status":"open","ping_status":"closed","template":"","meta":{"_joinchat":[]},"product_brand":[],"product_cat":[3273],"product_tag":[],"class_list":{"0":"post-640641","1":"product","2":"type-product","3":"status-publish","4":"has-post-thumbnail","6":"product_cat-noutati-2026","8":"first","9":"instock","10":"taxable","11":"shipping-taxable","12":"product-type-variable"},"_links":{"self":[{"href":"https:\/\/web2print.ro\/shop\/wp-json\/wp\/v2\/product\/640641","targetHints":{"allow":["GET"]}}],"collection":[{"href":"https:\/\/web2print.ro\/shop\/wp-json\/wp\/v2\/product"}],"about":[{"href":"https:\/\/web2print.ro\/shop\/wp-json\/wp\/v2\/types\/product"}],"replies":[{"embeddable":true,"href":"https:\/\/web2print.ro\/shop\/wp-json\/wp\/v2\/comments?post=640641"}],"wp:featuredmedia":[{"embeddable":true,"href":"https:\/\/web2print.ro\/shop\/wp-json\/wp\/v2\/media\/640643"}],"wp:attachment":[{"href":"https:\/\/web2print.ro\/shop\/wp-json\/wp\/v2\/media?parent=640641"}],"wp:term":[{"taxonomy":"product_brand","embeddable":true,"href":"https:\/\/web2print.ro\/shop\/wp-json\/wp\/v2\/product_brand?post=640641"},{"taxonomy":"product_cat","embeddable":true,"href":"https:\/\/web2print.ro\/shop\/wp-json\/wp\/v2\/product_cat?post=640641"},{"taxonomy":"product_tag","embeddable":true,"href":"https:\/\/web2print.ro\/shop\/wp-json\/wp\/v2\/product_tag?post=640641"}],"curies":[{"name":"wp","href":"https:\/\/api.w.org\/{rel}","templated":true}]}}