{"id":640696,"date":"2026-01-30T16:19:38","date_gmt":"2026-01-30T14:19:38","guid":{"rendered":"https:\/\/web2print.ro\/shop\/?post_type=product&#038;p=640696"},"modified":"2026-01-30T16:19:39","modified_gmt":"2026-01-30T14:19:39","slug":"rucsac-de-drumetie-cu-curea-de-sold","status":"publish","type":"product","link":"https:\/\/web2print.ro\/shop\/rucsac-de-drumetie-cu-curea-de-sold\/","title":{"rendered":"Rucsac de drume\u0163ie cu curea de \u0219old"},"content":{"rendered":"<p>Geant\u0103 robust\u0103 pentru drume\u021bii, cu curea ergonomic\u0103 pentru \u0219olduri, capacitate 25 litri, u\u0219or (635 g),  fabricat\u0103 din materiale PA, PES \u0219i EVA, prev\u0103zut\u0103 cu buzunar pentru hus\u0103 de ploaie \u00een partea inferioar\u0103 \u0219i pern\u0103 pentru spate.<\/p>\n","protected":false},"excerpt":{"rendered":"<p>Geant\u0103 robust\u0103 pentru drume\u021bii, cu curea ergonomic\u0103 pentru \u0219olduri, capacitate 25 litri, u\u0219or (635 g), fabricat\u0103 din materiale PA, PES<\/p>\n","protected":false},"featured_media":640698,"comment_status":"open","ping_status":"closed","template":"","meta":{"_joinchat":[]},"product_brand":[],"product_cat":[3273],"product_tag":[],"class_list":{"0":"post-640696","1":"product","2":"type-product","3":"status-publish","4":"has-post-thumbnail","6":"product_cat-noutati-2026","8":"first","9":"instock","10":"taxable","11":"shipping-taxable","12":"product-type-variable"},"_links":{"self":[{"href":"https:\/\/web2print.ro\/shop\/wp-json\/wp\/v2\/product\/640696","targetHints":{"allow":["GET"]}}],"collection":[{"href":"https:\/\/web2print.ro\/shop\/wp-json\/wp\/v2\/product"}],"about":[{"href":"https:\/\/web2print.ro\/shop\/wp-json\/wp\/v2\/types\/product"}],"replies":[{"embeddable":true,"href":"https:\/\/web2print.ro\/shop\/wp-json\/wp\/v2\/comments?post=640696"}],"wp:featuredmedia":[{"embeddable":true,"href":"https:\/\/web2print.ro\/shop\/wp-json\/wp\/v2\/media\/640698"}],"wp:attachment":[{"href":"https:\/\/web2print.ro\/shop\/wp-json\/wp\/v2\/media?parent=640696"}],"wp:term":[{"taxonomy":"product_brand","embeddable":true,"href":"https:\/\/web2print.ro\/shop\/wp-json\/wp\/v2\/product_brand?post=640696"},{"taxonomy":"product_cat","embeddable":true,"href":"https:\/\/web2print.ro\/shop\/wp-json\/wp\/v2\/product_cat?post=640696"},{"taxonomy":"product_tag","embeddable":true,"href":"https:\/\/web2print.ro\/shop\/wp-json\/wp\/v2\/product_tag?post=640696"}],"curies":[{"name":"wp","href":"https:\/\/api.w.org\/{rel}","templated":true}]}}