{"id":640709,"date":"2026-01-30T16:19:39","date_gmt":"2026-01-30T14:19:39","guid":{"rendered":"https:\/\/web2print.ro\/shop\/?post_type=product&#038;p=640709"},"modified":"2026-01-30T16:19:40","modified_gmt":"2026-01-30T14:19:40","slug":"sacosa-non-woven-70-gsm","status":"publish","type":"product","link":"https:\/\/web2print.ro\/shop\/sacosa-non-woven-70-gsm\/","title":{"rendered":"Saco\u0219\u0103 non-woven, 70 gsm"},"content":{"rendered":"<p>Geant\u0103 de cump\u0103r\u0103turi din material ne\u021besut (70 g\/m\u00b2), fabricat\u0103 din plastic reciclat, cu dou\u0103 m\u00e2nere lungi.<\/p>\n","protected":false},"excerpt":{"rendered":"<p>Geant\u0103 de cump\u0103r\u0103turi din material ne\u021besut (70 g\/m\u00b2), fabricat\u0103 din plastic reciclat, cu dou\u0103 m\u00e2nere lungi.<\/p>\n","protected":false},"featured_media":640711,"comment_status":"open","ping_status":"closed","template":"","meta":{"_joinchat":[]},"product_brand":[],"product_cat":[3084,3085,3273],"product_tag":[],"class_list":{"0":"post-640709","1":"product","2":"type-product","3":"status-publish","4":"has-post-thumbnail","6":"product_cat-genti-eco","7":"product_cat-genti-pentru-cumparaturi-sacose","8":"product_cat-noutati-2026","10":"first","11":"instock","12":"taxable","13":"shipping-taxable","14":"product-type-variable"},"_links":{"self":[{"href":"https:\/\/web2print.ro\/shop\/wp-json\/wp\/v2\/product\/640709","targetHints":{"allow":["GET"]}}],"collection":[{"href":"https:\/\/web2print.ro\/shop\/wp-json\/wp\/v2\/product"}],"about":[{"href":"https:\/\/web2print.ro\/shop\/wp-json\/wp\/v2\/types\/product"}],"replies":[{"embeddable":true,"href":"https:\/\/web2print.ro\/shop\/wp-json\/wp\/v2\/comments?post=640709"}],"wp:featuredmedia":[{"embeddable":true,"href":"https:\/\/web2print.ro\/shop\/wp-json\/wp\/v2\/media\/640711"}],"wp:attachment":[{"href":"https:\/\/web2print.ro\/shop\/wp-json\/wp\/v2\/media?parent=640709"}],"wp:term":[{"taxonomy":"product_brand","embeddable":true,"href":"https:\/\/web2print.ro\/shop\/wp-json\/wp\/v2\/product_brand?post=640709"},{"taxonomy":"product_cat","embeddable":true,"href":"https:\/\/web2print.ro\/shop\/wp-json\/wp\/v2\/product_cat?post=640709"},{"taxonomy":"product_tag","embeddable":true,"href":"https:\/\/web2print.ro\/shop\/wp-json\/wp\/v2\/product_tag?post=640709"}],"curies":[{"name":"wp","href":"https:\/\/api.w.org\/{rel}","templated":true}]}}