{"id":640835,"date":"2026-01-30T16:19:42","date_gmt":"2026-01-30T14:19:42","guid":{"rendered":"https:\/\/web2print.ro\/shop\/?post_type=product&#038;p=640835"},"modified":"2026-01-30T16:19:43","modified_gmt":"2026-01-30T14:19:43","slug":"cana-ceramica-mata-300-ml","status":"publish","type":"product","link":"https:\/\/web2print.ro\/shop\/cana-ceramica-mata-300-ml\/","title":{"rendered":"Can\u0103 ceramic\u0103 mat\u0103, 300 ml"},"content":{"rendered":"<p>Pahar ceramic cu partea inferioar\u0103 striat\u0103 \u0219i o capacitate de 300 ml. Finisaj mat, confortabil de \u021binut \u00een m\u00e2n\u0103, ideal pentru b\u0103uturi calde.<\/p>\n","protected":false},"excerpt":{"rendered":"<p>Pahar ceramic cu partea inferioar\u0103 striat\u0103 \u0219i o capacitate de 300 ml. Finisaj mat, confortabil de \u021binut \u00een m\u00e2n\u0103, ideal<\/p>\n","protected":false},"featured_media":640837,"comment_status":"open","ping_status":"closed","template":"","meta":{"_joinchat":[]},"product_brand":[],"product_cat":[3273],"product_tag":[],"class_list":{"0":"post-640835","1":"product","2":"type-product","3":"status-publish","4":"has-post-thumbnail","6":"product_cat-noutati-2026","8":"first","9":"instock","10":"taxable","11":"shipping-taxable","12":"product-type-variable"},"_links":{"self":[{"href":"https:\/\/web2print.ro\/shop\/wp-json\/wp\/v2\/product\/640835","targetHints":{"allow":["GET"]}}],"collection":[{"href":"https:\/\/web2print.ro\/shop\/wp-json\/wp\/v2\/product"}],"about":[{"href":"https:\/\/web2print.ro\/shop\/wp-json\/wp\/v2\/types\/product"}],"replies":[{"embeddable":true,"href":"https:\/\/web2print.ro\/shop\/wp-json\/wp\/v2\/comments?post=640835"}],"wp:featuredmedia":[{"embeddable":true,"href":"https:\/\/web2print.ro\/shop\/wp-json\/wp\/v2\/media\/640837"}],"wp:attachment":[{"href":"https:\/\/web2print.ro\/shop\/wp-json\/wp\/v2\/media?parent=640835"}],"wp:term":[{"taxonomy":"product_brand","embeddable":true,"href":"https:\/\/web2print.ro\/shop\/wp-json\/wp\/v2\/product_brand?post=640835"},{"taxonomy":"product_cat","embeddable":true,"href":"https:\/\/web2print.ro\/shop\/wp-json\/wp\/v2\/product_cat?post=640835"},{"taxonomy":"product_tag","embeddable":true,"href":"https:\/\/web2print.ro\/shop\/wp-json\/wp\/v2\/product_tag?post=640835"}],"curies":[{"name":"wp","href":"https:\/\/api.w.org\/{rel}","templated":true}]}}