{"id":641089,"date":"2026-01-30T16:20:08","date_gmt":"2026-01-30T14:20:08","guid":{"rendered":"https:\/\/web2print.ro\/shop\/?post_type=product&#038;p=641089"},"modified":"2026-01-30T16:20:09","modified_gmt":"2026-01-30T14:20:09","slug":"sticla-tritan-cu-grip-din-silicon-750-ml","status":"publish","type":"product","link":"https:\/\/web2print.ro\/shop\/sticla-tritan-cu-grip-din-silicon-750-ml\/","title":{"rendered":"Sticl\u0103 Tritan cu grip din silicon, 750 ml"},"content":{"rendered":"<p>Sticl\u0103 Tritan cu capac filetat, zon\u0103 de prindere din silicon antiderapant, capacitate 750 ml.<\/p>\n","protected":false},"excerpt":{"rendered":"<p>Sticl\u0103 Tritan cu capac filetat, zon\u0103 de prindere din silicon antiderapant, capacitate 750 ml.<\/p>\n","protected":false},"featured_media":641091,"comment_status":"open","ping_status":"closed","template":"","meta":{"_joinchat":[]},"product_brand":[],"product_cat":[3273],"product_tag":[],"class_list":{"0":"post-641089","1":"product","2":"type-product","3":"status-publish","4":"has-post-thumbnail","6":"product_cat-noutati-2026","8":"first","9":"instock","10":"taxable","11":"shipping-taxable","12":"product-type-variable"},"_links":{"self":[{"href":"https:\/\/web2print.ro\/shop\/wp-json\/wp\/v2\/product\/641089","targetHints":{"allow":["GET"]}}],"collection":[{"href":"https:\/\/web2print.ro\/shop\/wp-json\/wp\/v2\/product"}],"about":[{"href":"https:\/\/web2print.ro\/shop\/wp-json\/wp\/v2\/types\/product"}],"replies":[{"embeddable":true,"href":"https:\/\/web2print.ro\/shop\/wp-json\/wp\/v2\/comments?post=641089"}],"wp:featuredmedia":[{"embeddable":true,"href":"https:\/\/web2print.ro\/shop\/wp-json\/wp\/v2\/media\/641091"}],"wp:attachment":[{"href":"https:\/\/web2print.ro\/shop\/wp-json\/wp\/v2\/media?parent=641089"}],"wp:term":[{"taxonomy":"product_brand","embeddable":true,"href":"https:\/\/web2print.ro\/shop\/wp-json\/wp\/v2\/product_brand?post=641089"},{"taxonomy":"product_cat","embeddable":true,"href":"https:\/\/web2print.ro\/shop\/wp-json\/wp\/v2\/product_cat?post=641089"},{"taxonomy":"product_tag","embeddable":true,"href":"https:\/\/web2print.ro\/shop\/wp-json\/wp\/v2\/product_tag?post=641089"}],"curies":[{"name":"wp","href":"https:\/\/api.w.org\/{rel}","templated":true}]}}