{"id":641222,"date":"2026-01-30T16:20:18","date_gmt":"2026-01-30T14:20:18","guid":{"rendered":"https:\/\/web2print.ro\/shop\/?post_type=product&#038;p=641222"},"modified":"2026-01-30T16:20:19","modified_gmt":"2026-01-30T14:20:19","slug":"bricheta-electronica","status":"publish","type":"product","link":"https:\/\/web2print.ro\/shop\/bricheta-electronica\/","title":{"rendered":"Brichet\u0103 electronic\u0103"},"content":{"rendered":"<p>Brichet\u0103 electronic\u0103 cu reglare continu\u0103, gradual\u0103 a fl\u0103c\u0103rii. Re\u00eenc\u0103rcabil\u0103.<\/p>\n","protected":false},"excerpt":{"rendered":"<p>Brichet\u0103 electronic\u0103 cu reglare continu\u0103, gradual\u0103 a fl\u0103c\u0103rii. Re\u00eenc\u0103rcabil\u0103.<\/p>\n","protected":false},"featured_media":641224,"comment_status":"open","ping_status":"closed","template":"","meta":{"_joinchat":[]},"product_brand":[],"product_cat":[3273],"product_tag":[],"class_list":{"0":"post-641222","1":"product","2":"type-product","3":"status-publish","4":"has-post-thumbnail","6":"product_cat-noutati-2026","8":"first","9":"instock","10":"taxable","11":"shipping-taxable","12":"product-type-variable"},"_links":{"self":[{"href":"https:\/\/web2print.ro\/shop\/wp-json\/wp\/v2\/product\/641222","targetHints":{"allow":["GET"]}}],"collection":[{"href":"https:\/\/web2print.ro\/shop\/wp-json\/wp\/v2\/product"}],"about":[{"href":"https:\/\/web2print.ro\/shop\/wp-json\/wp\/v2\/types\/product"}],"replies":[{"embeddable":true,"href":"https:\/\/web2print.ro\/shop\/wp-json\/wp\/v2\/comments?post=641222"}],"wp:featuredmedia":[{"embeddable":true,"href":"https:\/\/web2print.ro\/shop\/wp-json\/wp\/v2\/media\/641224"}],"wp:attachment":[{"href":"https:\/\/web2print.ro\/shop\/wp-json\/wp\/v2\/media?parent=641222"}],"wp:term":[{"taxonomy":"product_brand","embeddable":true,"href":"https:\/\/web2print.ro\/shop\/wp-json\/wp\/v2\/product_brand?post=641222"},{"taxonomy":"product_cat","embeddable":true,"href":"https:\/\/web2print.ro\/shop\/wp-json\/wp\/v2\/product_cat?post=641222"},{"taxonomy":"product_tag","embeddable":true,"href":"https:\/\/web2print.ro\/shop\/wp-json\/wp\/v2\/product_tag?post=641222"}],"curies":[{"name":"wp","href":"https:\/\/api.w.org\/{rel}","templated":true}]}}