{"id":641247,"date":"2026-01-30T16:20:19","date_gmt":"2026-01-30T14:20:19","guid":{"rendered":"https:\/\/web2print.ro\/shop\/?post_type=product&#038;p=641247"},"modified":"2026-01-30T16:20:21","modified_gmt":"2026-01-30T14:20:21","slug":"rigla-pliabila-din-lemn","status":"publish","type":"product","link":"https:\/\/web2print.ro\/shop\/rigla-pliabila-din-lemn\/","title":{"rendered":"Rigl\u0103 pliabil\u0103 din lemn"},"content":{"rendered":"<p>Rigl\u0103 pliabil\u0103 din lemn cu raportor integrat, lungime pliat\u0103 23,7 cm, desf\u0103\u0219urat\u0103 2 m. Rezistent\u0103, precis\u0103, ideal\u0103 pentru atelier sau uz casnic.<\/p>\n","protected":false},"excerpt":{"rendered":"<p>Rigl\u0103 pliabil\u0103 din lemn cu raportor integrat, lungime pliat\u0103 23,7 cm, desf\u0103\u0219urat\u0103 2 m. Rezistent\u0103, precis\u0103, ideal\u0103 pentru atelier sau<\/p>\n","protected":false},"featured_media":641249,"comment_status":"open","ping_status":"closed","template":"","meta":{"_joinchat":[]},"product_brand":[],"product_cat":[3273],"product_tag":[],"class_list":{"0":"post-641247","1":"product","2":"type-product","3":"status-publish","4":"has-post-thumbnail","6":"product_cat-noutati-2026","8":"first","9":"instock","10":"taxable","11":"shipping-taxable","12":"product-type-variable"},"_links":{"self":[{"href":"https:\/\/web2print.ro\/shop\/wp-json\/wp\/v2\/product\/641247","targetHints":{"allow":["GET"]}}],"collection":[{"href":"https:\/\/web2print.ro\/shop\/wp-json\/wp\/v2\/product"}],"about":[{"href":"https:\/\/web2print.ro\/shop\/wp-json\/wp\/v2\/types\/product"}],"replies":[{"embeddable":true,"href":"https:\/\/web2print.ro\/shop\/wp-json\/wp\/v2\/comments?post=641247"}],"wp:featuredmedia":[{"embeddable":true,"href":"https:\/\/web2print.ro\/shop\/wp-json\/wp\/v2\/media\/641249"}],"wp:attachment":[{"href":"https:\/\/web2print.ro\/shop\/wp-json\/wp\/v2\/media?parent=641247"}],"wp:term":[{"taxonomy":"product_brand","embeddable":true,"href":"https:\/\/web2print.ro\/shop\/wp-json\/wp\/v2\/product_brand?post=641247"},{"taxonomy":"product_cat","embeddable":true,"href":"https:\/\/web2print.ro\/shop\/wp-json\/wp\/v2\/product_cat?post=641247"},{"taxonomy":"product_tag","embeddable":true,"href":"https:\/\/web2print.ro\/shop\/wp-json\/wp\/v2\/product_tag?post=641247"}],"curies":[{"name":"wp","href":"https:\/\/api.w.org\/{rel}","templated":true}]}}