{"id":641293,"date":"2026-01-30T16:32:08","date_gmt":"2026-01-30T14:32:08","guid":{"rendered":"https:\/\/web2print.ro\/shop\/?post_type=product&#038;p=641293"},"modified":"2026-01-30T16:32:09","modified_gmt":"2026-01-30T14:32:09","slug":"breloc-multifunctional-din-aluminiu","status":"publish","type":"product","link":"https:\/\/web2print.ro\/shop\/breloc-multifunctional-din-aluminiu\/","title":{"rendered":"Breloc multifunc\u021bional din aluminiu"},"content":{"rendered":"<p>Breloc din aluminiu reciclat, cu deschiz\u0103tor de sticle \u0219i fis\u0103 integrat\u0103 pentru c\u0103ruciorul de cump\u0103r\u0103turi. U\u0219or, practic, ideal pentru uz zilnic.<\/p>\n","protected":false},"excerpt":{"rendered":"<p>Breloc din aluminiu reciclat, cu deschiz\u0103tor de sticle \u0219i fis\u0103 integrat\u0103 pentru c\u0103ruciorul de cump\u0103r\u0103turi. U\u0219or, practic, ideal pentru uz<\/p>\n","protected":false},"featured_media":641295,"comment_status":"open","ping_status":"closed","template":"","meta":{"_joinchat":[]},"product_brand":[],"product_cat":[453,3273],"product_tag":[],"class_list":{"0":"post-641293","1":"product","2":"type-product","3":"status-publish","4":"has-post-thumbnail","6":"product_cat-brelocuri","7":"product_cat-noutati-2026","9":"first","10":"instock","11":"taxable","12":"shipping-taxable","13":"product-type-variable"},"_links":{"self":[{"href":"https:\/\/web2print.ro\/shop\/wp-json\/wp\/v2\/product\/641293","targetHints":{"allow":["GET"]}}],"collection":[{"href":"https:\/\/web2print.ro\/shop\/wp-json\/wp\/v2\/product"}],"about":[{"href":"https:\/\/web2print.ro\/shop\/wp-json\/wp\/v2\/types\/product"}],"replies":[{"embeddable":true,"href":"https:\/\/web2print.ro\/shop\/wp-json\/wp\/v2\/comments?post=641293"}],"wp:featuredmedia":[{"embeddable":true,"href":"https:\/\/web2print.ro\/shop\/wp-json\/wp\/v2\/media\/641295"}],"wp:attachment":[{"href":"https:\/\/web2print.ro\/shop\/wp-json\/wp\/v2\/media?parent=641293"}],"wp:term":[{"taxonomy":"product_brand","embeddable":true,"href":"https:\/\/web2print.ro\/shop\/wp-json\/wp\/v2\/product_brand?post=641293"},{"taxonomy":"product_cat","embeddable":true,"href":"https:\/\/web2print.ro\/shop\/wp-json\/wp\/v2\/product_cat?post=641293"},{"taxonomy":"product_tag","embeddable":true,"href":"https:\/\/web2print.ro\/shop\/wp-json\/wp\/v2\/product_tag?post=641293"}],"curies":[{"name":"wp","href":"https:\/\/api.w.org\/{rel}","templated":true}]}}