{"id":642303,"date":"2026-03-20T07:54:30","date_gmt":"2026-03-20T05:54:30","guid":{"rendered":"https:\/\/web2print.ro\/shop\/thc-luanda-ii-tricou-pentru-barbati\/"},"modified":"2026-03-20T07:54:33","modified_gmt":"2026-03-20T05:54:33","slug":"thc-luanda-ii-tricou-pentru-barbati","status":"publish","type":"product","link":"https:\/\/web2print.ro\/shop\/thc-luanda-ii-tricou-pentru-barbati\/","title":{"rendered":"THC LUANDA II. Tricou pentru barbati"},"content":{"rendered":"<p>Tricou pentru b\u0103rba\u021bi 100% bumbac (150 g\/m\u00b2). Culoare 183: bumbac 90%\/viscoz\u0103 10%. Regular cut. Guler si mansete striate 1&#215;1. Cus\u0103turi duble pe m\u00e2neci \u0219i partea inferioar\u0103. Marimi: XS, S, M, L, XL, XXL<\/p>\n","protected":false},"excerpt":{"rendered":"<p>Tricou pentru b\u0103rba\u021bi 100% bumbac (150 g\/m\u00b2). Culoare 183: bumbac 90%\/viscoz\u0103 10%. Regular cut. Guler si mansete striate 1&#215;1. Cus\u0103turi duble pe m\u00e2neci \u0219i partea inferioar\u0103<\/p>\n","protected":false},"featured_media":642302,"comment_status":"open","ping_status":"closed","template":"","meta":{"_joinchat":[]},"product_brand":[],"product_cat":[3201,3311],"product_tag":[],"class_list":{"0":"post-642303","1":"product","2":"type-product","3":"status-publish","4":"has-post-thumbnail","6":"product_cat-textile-2","7":"product_cat-tricouri","8":"pa_culoare-eclipse-albastru","9":"pa_culoare-galben-lime","11":"first","12":"instock","13":"taxable","14":"shipping-taxable","15":"purchasable","16":"product-type-variable"},"_links":{"self":[{"href":"https:\/\/web2print.ro\/shop\/wp-json\/wp\/v2\/product\/642303","targetHints":{"allow":["GET"]}}],"collection":[{"href":"https:\/\/web2print.ro\/shop\/wp-json\/wp\/v2\/product"}],"about":[{"href":"https:\/\/web2print.ro\/shop\/wp-json\/wp\/v2\/types\/product"}],"replies":[{"embeddable":true,"href":"https:\/\/web2print.ro\/shop\/wp-json\/wp\/v2\/comments?post=642303"}],"wp:featuredmedia":[{"embeddable":true,"href":"https:\/\/web2print.ro\/shop\/wp-json\/wp\/v2\/media\/642302"}],"wp:attachment":[{"href":"https:\/\/web2print.ro\/shop\/wp-json\/wp\/v2\/media?parent=642303"}],"wp:term":[{"taxonomy":"product_brand","embeddable":true,"href":"https:\/\/web2print.ro\/shop\/wp-json\/wp\/v2\/product_brand?post=642303"},{"taxonomy":"product_cat","embeddable":true,"href":"https:\/\/web2print.ro\/shop\/wp-json\/wp\/v2\/product_cat?post=642303"},{"taxonomy":"product_tag","embeddable":true,"href":"https:\/\/web2print.ro\/shop\/wp-json\/wp\/v2\/product_tag?post=642303"}],"curies":[{"name":"wp","href":"https:\/\/api.w.org\/{rel}","templated":true}]}}