{"id":642338,"date":"2026-03-20T07:54:47","date_gmt":"2026-03-20T05:54:47","guid":{"rendered":"https:\/\/web2print.ro\/shop\/thc-ankara-ii-tricou-pentru-barbati\/"},"modified":"2026-03-20T07:54:47","modified_gmt":"2026-03-20T05:54:47","slug":"thc-ankara-ii-tricou-pentru-barbati","status":"publish","type":"product","link":"https:\/\/web2print.ro\/shop\/thc-ankara-ii-tricou-pentru-barbati\/","title":{"rendered":"THC ANKARA II. Tricou pentru barbati"},"content":{"rendered":"<p>Tricou cu decolteu rotund pentru b\u0103rba\u021bi 100% bumbac (190 g\/m\u00b2). Culoare 183: bumbac 90%\/viscoz\u0103 10%. Guler si mansete striate. Cus\u0103turi duble pe m\u00e2neci \u0219i partea inferioar\u0103. Marimi: XS, S, M, L, XL, XXL<\/p>\n","protected":false},"excerpt":{"rendered":"<p>Tricou cu decolteu rotund pentru b\u0103rba\u021bi 100% bumbac (190 g\/m\u00b2). Culoare 183: bumbac 90%\/viscoz\u0103 10%. Guler si mansete striate. Cus\u0103turi duble pe m\u00e2neci \u0219i partea inferioar\u0103<\/p>\n","protected":false},"featured_media":642334,"comment_status":"open","ping_status":"closed","template":"","meta":{"_joinchat":[]},"product_brand":[],"product_cat":[3201,3311],"product_tag":[],"class_list":{"0":"post-642338","1":"product","2":"type-product","3":"status-publish","4":"has-post-thumbnail","6":"product_cat-textile-2","7":"product_cat-tricouri","9":"first","10":"instock","11":"taxable","12":"shipping-taxable","13":"purchasable","14":"product-type-simple"},"_links":{"self":[{"href":"https:\/\/web2print.ro\/shop\/wp-json\/wp\/v2\/product\/642338","targetHints":{"allow":["GET"]}}],"collection":[{"href":"https:\/\/web2print.ro\/shop\/wp-json\/wp\/v2\/product"}],"about":[{"href":"https:\/\/web2print.ro\/shop\/wp-json\/wp\/v2\/types\/product"}],"replies":[{"embeddable":true,"href":"https:\/\/web2print.ro\/shop\/wp-json\/wp\/v2\/comments?post=642338"}],"wp:featuredmedia":[{"embeddable":true,"href":"https:\/\/web2print.ro\/shop\/wp-json\/wp\/v2\/media\/642334"}],"wp:attachment":[{"href":"https:\/\/web2print.ro\/shop\/wp-json\/wp\/v2\/media?parent=642338"}],"wp:term":[{"taxonomy":"product_brand","embeddable":true,"href":"https:\/\/web2print.ro\/shop\/wp-json\/wp\/v2\/product_brand?post=642338"},{"taxonomy":"product_cat","embeddable":true,"href":"https:\/\/web2print.ro\/shop\/wp-json\/wp\/v2\/product_cat?post=642338"},{"taxonomy":"product_tag","embeddable":true,"href":"https:\/\/web2print.ro\/shop\/wp-json\/wp\/v2\/product_tag?post=642338"}],"curies":[{"name":"wp","href":"https:\/\/api.w.org\/{rel}","templated":true}]}}