{"id":642359,"date":"2026-03-20T07:54:58","date_gmt":"2026-03-20T05:54:58","guid":{"rendered":"https:\/\/web2print.ro\/shop\/thc-bucharest-ii-tricou-cu-maneca-lunga-barbati\/"},"modified":"2026-03-20T07:55:00","modified_gmt":"2026-03-20T05:55:00","slug":"thc-bucharest-ii-tricou-cu-maneca-lunga-barbati","status":"publish","type":"product","link":"https:\/\/web2print.ro\/shop\/thc-bucharest-ii-tricou-cu-maneca-lunga-barbati\/","title":{"rendered":"THC BUCHAREST II. Tricou cu m\u00e2nec\u0103 lung\u0103 b\u0103rba\u021bi"},"content":{"rendered":"<p>Tricou pentru b\u0103rba\u021bi cu maneca lunga (150 g\/m\u00b2) (culorile: 195: 60% bumbac\/40% poliester, culoare 183: bumbac 90%\/viscoz\u0103). Guler si mansete striate. Cus\u0103turi duble pe m\u00e2neci \u0219i partea inferioar\u0103. Marimi: S, M, L, XL, XXL<\/p>\n","protected":false},"excerpt":{"rendered":"<p>Tricou pentru b\u0103rba\u021bi cu maneca lunga (150 g\/m\u00b2) (culorile: 195: 60% bumbac\/40% poliester, culoare 183: bumbac 90%\/viscoz\u0103). Guler si mansete striate. Cus\u0103turi duble pe m\u00e2neci \u0219i partea inferioar\u0103<\/p>\n","protected":false},"featured_media":642358,"comment_status":"open","ping_status":"closed","template":"","meta":{"_joinchat":[]},"product_brand":[],"product_cat":[3201,3311],"product_tag":[],"class_list":{"0":"post-642359","1":"product","2":"type-product","3":"status-publish","4":"has-post-thumbnail","6":"product_cat-textile-2","7":"product_cat-tricouri","8":"pa_culoare-rosu","9":"pa_culoare-verde-melange","11":"first","12":"instock","13":"taxable","14":"shipping-taxable","15":"purchasable","16":"product-type-variable"},"_links":{"self":[{"href":"https:\/\/web2print.ro\/shop\/wp-json\/wp\/v2\/product\/642359","targetHints":{"allow":["GET"]}}],"collection":[{"href":"https:\/\/web2print.ro\/shop\/wp-json\/wp\/v2\/product"}],"about":[{"href":"https:\/\/web2print.ro\/shop\/wp-json\/wp\/v2\/types\/product"}],"replies":[{"embeddable":true,"href":"https:\/\/web2print.ro\/shop\/wp-json\/wp\/v2\/comments?post=642359"}],"wp:featuredmedia":[{"embeddable":true,"href":"https:\/\/web2print.ro\/shop\/wp-json\/wp\/v2\/media\/642358"}],"wp:attachment":[{"href":"https:\/\/web2print.ro\/shop\/wp-json\/wp\/v2\/media?parent=642359"}],"wp:term":[{"taxonomy":"product_brand","embeddable":true,"href":"https:\/\/web2print.ro\/shop\/wp-json\/wp\/v2\/product_brand?post=642359"},{"taxonomy":"product_cat","embeddable":true,"href":"https:\/\/web2print.ro\/shop\/wp-json\/wp\/v2\/product_cat?post=642359"},{"taxonomy":"product_tag","embeddable":true,"href":"https:\/\/web2print.ro\/shop\/wp-json\/wp\/v2\/product_tag?post=642359"}],"curies":[{"name":"wp","href":"https:\/\/api.w.org\/{rel}","templated":true}]}}