{"id":642365,"date":"2026-03-20T07:55:01","date_gmt":"2026-03-20T05:55:01","guid":{"rendered":"https:\/\/web2print.ro\/shop\/thc-bucharest-women-wh-ii-tricou-maneca-lunga-dame\/"},"modified":"2026-03-30T15:56:47","modified_gmt":"2026-03-30T12:56:47","slug":"thc-bucharest-women-wh-ii-tricou-maneca-lunga-dame","status":"publish","type":"product","link":"https:\/\/web2print.ro\/shop\/thc-bucharest-women-wh-ii-tricou-maneca-lunga-dame\/","title":{"rendered":"THC BUCHAREST WOMEN WH II. Tricou m\u00e2nec\u0103 lung\u0103 dame"},"content":{"rendered":"<p>Tricou pentru dame cu maneca lunga (150 g\/m\u00b2). Guler si mansete striate. Cus\u0103turi duble pe m\u00e2neci \u0219i partea inferioar\u0103. Marimi: S, M, L, XL, XXL<\/p>\n","protected":false},"excerpt":{"rendered":"<p>Tricou pentru dame cu maneca lunga (150 g\/m\u00b2). Guler si mansete striate. Cus\u0103turi duble pe m\u00e2neci \u0219i partea inferioar\u0103<\/p>\n","protected":false},"featured_media":642364,"comment_status":"open","ping_status":"closed","template":"","meta":{"_joinchat":[]},"product_brand":[],"product_cat":[3201,3311],"product_tag":[],"class_list":{"0":"post-642365","1":"product","2":"type-product","3":"status-publish","4":"has-post-thumbnail","6":"product_cat-textile-2","7":"product_cat-tricouri","8":"pa_marime-l","9":"pa_marime-xl","10":"pa_marime-xxl","12":"first","13":"instock","14":"taxable","15":"shipping-taxable","16":"purchasable","17":"product-type-variable"},"_links":{"self":[{"href":"https:\/\/web2print.ro\/shop\/wp-json\/wp\/v2\/product\/642365","targetHints":{"allow":["GET"]}}],"collection":[{"href":"https:\/\/web2print.ro\/shop\/wp-json\/wp\/v2\/product"}],"about":[{"href":"https:\/\/web2print.ro\/shop\/wp-json\/wp\/v2\/types\/product"}],"replies":[{"embeddable":true,"href":"https:\/\/web2print.ro\/shop\/wp-json\/wp\/v2\/comments?post=642365"}],"wp:featuredmedia":[{"embeddable":true,"href":"https:\/\/web2print.ro\/shop\/wp-json\/wp\/v2\/media\/642364"}],"wp:attachment":[{"href":"https:\/\/web2print.ro\/shop\/wp-json\/wp\/v2\/media?parent=642365"}],"wp:term":[{"taxonomy":"product_brand","embeddable":true,"href":"https:\/\/web2print.ro\/shop\/wp-json\/wp\/v2\/product_brand?post=642365"},{"taxonomy":"product_cat","embeddable":true,"href":"https:\/\/web2print.ro\/shop\/wp-json\/wp\/v2\/product_cat?post=642365"},{"taxonomy":"product_tag","embeddable":true,"href":"https:\/\/web2print.ro\/shop\/wp-json\/wp\/v2\/product_tag?post=642365"}],"curies":[{"name":"wp","href":"https:\/\/api.w.org\/{rel}","templated":true}]}}