{"id":642391,"date":"2026-03-20T07:55:15","date_gmt":"2026-03-20T05:55:15","guid":{"rendered":"https:\/\/web2print.ro\/shop\/thc-eve-ii-tricou-polo-pentru-dame\/"},"modified":"2026-03-20T07:55:18","modified_gmt":"2026-03-20T05:55:18","slug":"thc-eve-ii-tricou-polo-pentru-dame","status":"publish","type":"product","link":"https:\/\/web2print.ro\/shop\/thc-eve-ii-tricou-polo-pentru-dame\/","title":{"rendered":"THC EVE II. Tricou polo pentru dame"},"content":{"rendered":"<p>Polo 100% bumbac piquepentru dame (195 g\/m\u00b2). Culoare 183: 85% bumbac\/15% viscoz\u0103. Guler si mansete striate. Fenta cu 4 nasturi. Nasture suplimentar pe cus\u0103tur\u0103 interioar\u0103. Marimi: S, M, L, XL, XXL Marimi: S, M, L, XL, XXL<\/p>\n","protected":false},"excerpt":{"rendered":"<p>Polo 100% bumbac piquepentru dame (195 g\/m\u00b2). Culoare 183: 85% bumbac\/15% viscoz\u0103. Guler si mansete striate. Fenta cu 4 nasturi. Nasture suplimentar pe cus\u0103tur\u0103 interioar\u0103. Marimi: S, M, L, XL, XXL<\/p>\n","protected":false},"featured_media":642390,"comment_status":"open","ping_status":"closed","template":"","meta":{"_joinchat":[]},"product_brand":[],"product_cat":[3201,3312],"product_tag":[],"class_list":{"0":"post-642391","1":"product","2":"type-product","3":"status-publish","4":"has-post-thumbnail","6":"product_cat-textile-2","7":"product_cat-tricou-cu-guler","8":"pa_culoare-gri-melange-deschis","9":"pa_culoare-verde","10":"pa_marime-l","11":"pa_marime-m","12":"pa_marime-s","13":"pa_marime-xl","15":"first","16":"instock","17":"taxable","18":"shipping-taxable","19":"purchasable","20":"product-type-variable"},"_links":{"self":[{"href":"https:\/\/web2print.ro\/shop\/wp-json\/wp\/v2\/product\/642391","targetHints":{"allow":["GET"]}}],"collection":[{"href":"https:\/\/web2print.ro\/shop\/wp-json\/wp\/v2\/product"}],"about":[{"href":"https:\/\/web2print.ro\/shop\/wp-json\/wp\/v2\/types\/product"}],"replies":[{"embeddable":true,"href":"https:\/\/web2print.ro\/shop\/wp-json\/wp\/v2\/comments?post=642391"}],"wp:featuredmedia":[{"embeddable":true,"href":"https:\/\/web2print.ro\/shop\/wp-json\/wp\/v2\/media\/642390"}],"wp:attachment":[{"href":"https:\/\/web2print.ro\/shop\/wp-json\/wp\/v2\/media?parent=642391"}],"wp:term":[{"taxonomy":"product_brand","embeddable":true,"href":"https:\/\/web2print.ro\/shop\/wp-json\/wp\/v2\/product_brand?post=642391"},{"taxonomy":"product_cat","embeddable":true,"href":"https:\/\/web2print.ro\/shop\/wp-json\/wp\/v2\/product_cat?post=642391"},{"taxonomy":"product_tag","embeddable":true,"href":"https:\/\/web2print.ro\/shop\/wp-json\/wp\/v2\/product_tag?post=642391"}],"curies":[{"name":"wp","href":"https:\/\/api.w.org\/{rel}","templated":true}]}}