{"id":642419,"date":"2026-03-20T07:55:28","date_gmt":"2026-03-20T05:55:28","guid":{"rendered":"https:\/\/web2print.ro\/shop\/thc-bern-wh-3xl-ii-polo-maneca-lunga-barbati\/"},"modified":"2026-03-20T07:55:28","modified_gmt":"2026-03-20T05:55:28","slug":"thc-bern-wh-3xl-ii-polo-maneca-lunga-barbati","status":"publish","type":"product","link":"https:\/\/web2print.ro\/shop\/thc-bern-wh-3xl-ii-polo-maneca-lunga-barbati\/","title":{"rendered":"THC BERN WH 3XL II. Polo m\u00e2nec\u0103 lung\u0103 b\u0103rba\u021bi"},"content":{"rendered":"<p>Polo cu maneca lunga pentru b\u0103rba\u021bi din 100% bumbac pique (210 g\/m\u00b2). Guler \u0219i man\u0219ete striate, fenta cu 3 nasturi. Slituri laterale la terminatie. Nasture suplimentar pe cus\u0103tura interioar\u0103. Marime: 3XL<\/p>\n","protected":false},"excerpt":{"rendered":"<p>Polo cu maneca lunga pentru b\u0103rba\u021bi din 100% bumbac pique (210 g\/m\u00b2). Guler \u0219i man\u0219ete striate, fenta cu 3 nasturi. Slituri laterale la terminatie. Nasture suplimentar pe cus\u0103tura interioar\u0103<\/p>\n","protected":false},"featured_media":642415,"comment_status":"open","ping_status":"closed","template":"","meta":{"_joinchat":[]},"product_brand":[],"product_cat":[3201,3312],"product_tag":[],"class_list":{"0":"post-642419","1":"product","2":"type-product","3":"status-publish","4":"has-post-thumbnail","6":"product_cat-textile-2","7":"product_cat-tricou-cu-guler","9":"first","10":"instock","11":"taxable","12":"shipping-taxable","13":"purchasable","14":"product-type-simple"},"_links":{"self":[{"href":"https:\/\/web2print.ro\/shop\/wp-json\/wp\/v2\/product\/642419","targetHints":{"allow":["GET"]}}],"collection":[{"href":"https:\/\/web2print.ro\/shop\/wp-json\/wp\/v2\/product"}],"about":[{"href":"https:\/\/web2print.ro\/shop\/wp-json\/wp\/v2\/types\/product"}],"replies":[{"embeddable":true,"href":"https:\/\/web2print.ro\/shop\/wp-json\/wp\/v2\/comments?post=642419"}],"wp:featuredmedia":[{"embeddable":true,"href":"https:\/\/web2print.ro\/shop\/wp-json\/wp\/v2\/media\/642415"}],"wp:attachment":[{"href":"https:\/\/web2print.ro\/shop\/wp-json\/wp\/v2\/media?parent=642419"}],"wp:term":[{"taxonomy":"product_brand","embeddable":true,"href":"https:\/\/web2print.ro\/shop\/wp-json\/wp\/v2\/product_brand?post=642419"},{"taxonomy":"product_cat","embeddable":true,"href":"https:\/\/web2print.ro\/shop\/wp-json\/wp\/v2\/product_cat?post=642419"},{"taxonomy":"product_tag","embeddable":true,"href":"https:\/\/web2print.ro\/shop\/wp-json\/wp\/v2\/product_tag?post=642419"}],"curies":[{"name":"wp","href":"https:\/\/api.w.org\/{rel}","templated":true}]}}