{"id":642428,"date":"2026-03-20T07:55:33","date_gmt":"2026-03-20T05:55:33","guid":{"rendered":"https:\/\/web2print.ro\/shop\/thc-bern-women-ii-polo-maneca-lunga-pentru-dame\/"},"modified":"2026-04-27T15:56:20","modified_gmt":"2026-04-27T12:56:20","slug":"thc-bern-women-ii-polo-maneca-lunga-pentru-dame","status":"publish","type":"product","link":"https:\/\/web2print.ro\/shop\/thc-bern-women-ii-polo-maneca-lunga-pentru-dame\/","title":{"rendered":"THC BERN WOMEN II. Polo m\u00e2nec\u0103 lung\u0103 pentru dame"},"content":{"rendered":"<p>Polo pentru dame cu maneca lunga din 100% bumbac pique (210 g\/m\u00b2). Culoarea 183: 85% bumbac\/15% viscoz\u0103. Guler \u0219i man\u0219ete striate, fenta cu 4 nasturi. Slituri laterale la terminatie. Nasture suplimentar pe cus\u0103tura interioar\u0103. Etichet\u0103 vizibil\u0103 deta\u0219abil\u0103. Marimi: S, M, L, XL, XXL<\/p>\n","protected":false},"excerpt":{"rendered":"<p>Polo pentru dame cu maneca lunga din 100% bumbac pique (210 g\/m\u00b2). Culoarea 183: 85% bumbac\/15% viscoz\u0103. Guler \u0219i man\u0219ete striate, fenta cu 4 nasturi. Slituri laterale la terminatie. Nasture suplimentar pe cus\u0103tura interioar\u0103. Etichet\u0103 vizibil\u0103 deta\u0219abil\u0103<\/p>\n","protected":false},"featured_media":642427,"comment_status":"open","ping_status":"closed","template":"","meta":{"_joinchat":[]},"product_brand":[],"product_cat":[3201,3312],"product_tag":[],"class_list":{"0":"post-642428","1":"product","2":"type-product","3":"status-publish","4":"has-post-thumbnail","6":"product_cat-textile-2","7":"product_cat-tricou-cu-guler","8":"pa_culoare-burgundia","9":"pa_culoare-rosu","10":"pa_marime-l","11":"pa_marime-m","12":"pa_marime-s","13":"pa_marime-xxl","15":"first","16":"instock","17":"taxable","18":"shipping-taxable","19":"purchasable","20":"product-type-variable"},"_links":{"self":[{"href":"https:\/\/web2print.ro\/shop\/wp-json\/wp\/v2\/product\/642428","targetHints":{"allow":["GET"]}}],"collection":[{"href":"https:\/\/web2print.ro\/shop\/wp-json\/wp\/v2\/product"}],"about":[{"href":"https:\/\/web2print.ro\/shop\/wp-json\/wp\/v2\/types\/product"}],"replies":[{"embeddable":true,"href":"https:\/\/web2print.ro\/shop\/wp-json\/wp\/v2\/comments?post=642428"}],"wp:featuredmedia":[{"embeddable":true,"href":"https:\/\/web2print.ro\/shop\/wp-json\/wp\/v2\/media\/642427"}],"wp:attachment":[{"href":"https:\/\/web2print.ro\/shop\/wp-json\/wp\/v2\/media?parent=642428"}],"wp:term":[{"taxonomy":"product_brand","embeddable":true,"href":"https:\/\/web2print.ro\/shop\/wp-json\/wp\/v2\/product_brand?post=642428"},{"taxonomy":"product_cat","embeddable":true,"href":"https:\/\/web2print.ro\/shop\/wp-json\/wp\/v2\/product_cat?post=642428"},{"taxonomy":"product_tag","embeddable":true,"href":"https:\/\/web2print.ro\/shop\/wp-json\/wp\/v2\/product_tag?post=642428"}],"curies":[{"name":"wp","href":"https:\/\/api.w.org\/{rel}","templated":true}]}}