{"id":642457,"date":"2026-03-20T07:55:49","date_gmt":"2026-03-20T05:55:49","guid":{"rendered":"https:\/\/web2print.ro\/shop\/thc-amsterdam-women-ii-hanorac-cu-gluga-pentru-dame\/"},"modified":"2026-03-20T07:55:51","modified_gmt":"2026-03-20T05:55:51","slug":"thc-amsterdam-women-ii-hanorac-cu-gluga-pentru-dame","status":"publish","type":"product","link":"https:\/\/web2print.ro\/shop\/thc-amsterdam-women-ii-hanorac-cu-gluga-pentru-dame\/","title":{"rendered":"THC AMSTERDAM WOMEN II. Hanorac cu glug\u0103 pentru dame"},"content":{"rendered":"<p>Hanorac pentru dame din 50% bumbac \u0219i 50% poliester (320 g\/m\u00b2) cu interior cardat. Gluga este c\u0103ptu\u0219it\u0103 \u0219i are o \u00eenchidere cu snur colorat. \u00cen zona din fa\u021b\u0103 exist\u0103 dou\u0103 buzunare marsupiale cu \u00eenchidere din plastic. Man\u0219ete \u0219i talie cu tiv. Marimi: S, M, L, XL, XXL<\/p>\n","protected":false},"excerpt":{"rendered":"<p>Hanorac pentru dame din 50% bumbac \u0219i 50% poliester (320 g\/m\u00b2) cu interior cardat. Gluga este c\u0103ptu\u0219it\u0103 \u0219i are o \u00eenchidere cu snur colorat. \u00cen zona din fa\u021b\u0103 exist\u0103 dou\u0103 buzunare marsupiale cu \u00eenchidere din plastic. Man\u0219ete \u0219i talie cu tiv<\/p>\n","protected":false},"featured_media":642456,"comment_status":"open","ping_status":"closed","template":"","meta":{"_joinchat":[]},"product_brand":[],"product_cat":[494,3201],"product_tag":[],"class_list":{"0":"post-642457","1":"product","2":"type-product","3":"status-publish","4":"has-post-thumbnail","6":"product_cat-pulovere-si-hanorace","7":"product_cat-textile-2","8":"pa_marime-l","9":"pa_marime-m","10":"pa_marime-s","11":"pa_marime-xl","13":"first","14":"instock","15":"taxable","16":"shipping-taxable","17":"purchasable","18":"product-type-variable"},"_links":{"self":[{"href":"https:\/\/web2print.ro\/shop\/wp-json\/wp\/v2\/product\/642457","targetHints":{"allow":["GET"]}}],"collection":[{"href":"https:\/\/web2print.ro\/shop\/wp-json\/wp\/v2\/product"}],"about":[{"href":"https:\/\/web2print.ro\/shop\/wp-json\/wp\/v2\/types\/product"}],"replies":[{"embeddable":true,"href":"https:\/\/web2print.ro\/shop\/wp-json\/wp\/v2\/comments?post=642457"}],"wp:featuredmedia":[{"embeddable":true,"href":"https:\/\/web2print.ro\/shop\/wp-json\/wp\/v2\/media\/642456"}],"wp:attachment":[{"href":"https:\/\/web2print.ro\/shop\/wp-json\/wp\/v2\/media?parent=642457"}],"wp:term":[{"taxonomy":"product_brand","embeddable":true,"href":"https:\/\/web2print.ro\/shop\/wp-json\/wp\/v2\/product_brand?post=642457"},{"taxonomy":"product_cat","embeddable":true,"href":"https:\/\/web2print.ro\/shop\/wp-json\/wp\/v2\/product_cat?post=642457"},{"taxonomy":"product_tag","embeddable":true,"href":"https:\/\/web2print.ro\/shop\/wp-json\/wp\/v2\/product_tag?post=642457"}],"curies":[{"name":"wp","href":"https:\/\/api.w.org\/{rel}","templated":true}]}}