{"id":642492,"date":"2026-03-20T07:56:10","date_gmt":"2026-03-20T05:56:10","guid":{"rendered":"https:\/\/web2print.ro\/shop\/thc-liubliana-ii-geaca-unisex\/"},"modified":"2026-03-20T07:56:12","modified_gmt":"2026-03-20T05:56:12","slug":"thc-liubliana-ii-geaca-unisex","status":"publish","type":"product","link":"https:\/\/web2print.ro\/shop\/thc-liubliana-ii-geaca-unisex\/","title":{"rendered":"THC LIUBLIANA II. Geaca unisex"},"content":{"rendered":"<p>Parka c\u0103ptu\u0219it\u0103 (unisex) 100% poliester (exterior: 240 g\/m\u00b2 100% poliester pongee 240 \u0219i strat PVC impermeabil, interior: 65 g\/m\u00b2 100% poliester tafta, umplutur\u0103: 100% poliester 80 g\/m\u00b2). Guler c\u0103ptu\u0219it cu plas\u0103 polar\u0103 neagr\u0103 (se fixeaz\u0103 cu scai). Glug\u0103 cu guler pliabil, reglabil\u0103 cu stopperi negri. Deschidere cu clapet\u0103, fermoar colorat, \u00eenchidere cu scai \u0219i nasturi cu capse de culoare neagr\u0103. Con\u021bine 2 buzunare exterioare cu clapet\u0103 \u0219i 2 buzunare interioare (1 pentru telefonul mobil) cu \u00eenchiz\u0103toare cu scai. Man\u0219ete interioare 2&#215;2 din plas\u0103 cu nervuri \u0219i man\u0219ete exterioare reglabile cu curele de scai. Cus\u0103turi termo-sigilate. Acces cu fermoar \u00een partea inferioar\u0103 a spatelui pentru o personalizare u\u0219oar\u0103. Marimi: XS, S, M, L, XL, XXL<\/p>\n","protected":false},"excerpt":{"rendered":"<p>Parka c\u0103ptu\u0219it\u0103 (unisex) 100% poliester (exterior: 240 g\/m\u00b2 100% poliester pongee 240 \u0219i strat PVC impermeabil, interior: 65 g\/m\u00b2 100% poliester tafta, umplutur\u0103: 100% poliester 80 g\/m\u00b2). Guler c\u0103ptu\u0219it cu plas\u0103 polar\u0103 neagr\u0103 (se fixeaz\u0103 cu scai). Glug\u0103 cu guler pliabil, reglabil\u0103 cu stopperi negri. Deschidere cu clapet\u0103, fermoar colorat, \u00eenchidere cu scai \u0219i nasturi cu capse de culoare neagr\u0103. Con\u021bine 2 buzunare exterioare cu clapet\u0103 \u0219i 2 buzunare interioare (1 pentru telefonul mobil) cu \u00eenchiz\u0103toare cu scai. Man\u0219ete interioare 2&#215;2 din plas\u0103 cu nervuri \u0219i man\u0219ete exterioare reglabile cu curele de scai. Cus\u0103turi termo-sigilate. Acces cu fermoar \u00een partea inferioar\u0103 a spatelui pentru o personalizare u\u0219oar\u0103<\/p>\n","protected":false},"featured_media":642491,"comment_status":"open","ping_status":"closed","template":"","meta":{"_joinchat":[]},"product_brand":[],"product_cat":[3201,3313],"product_tag":[],"class_list":{"0":"post-642492","1":"product","2":"type-product","3":"status-publish","4":"has-post-thumbnail","6":"product_cat-textile-2","7":"product_cat-textiles-paltoane-si-veste","8":"pa_marime-l","9":"pa_marime-xl","11":"first","12":"instock","13":"taxable","14":"shipping-taxable","15":"purchasable","16":"product-type-variable"},"_links":{"self":[{"href":"https:\/\/web2print.ro\/shop\/wp-json\/wp\/v2\/product\/642492","targetHints":{"allow":["GET"]}}],"collection":[{"href":"https:\/\/web2print.ro\/shop\/wp-json\/wp\/v2\/product"}],"about":[{"href":"https:\/\/web2print.ro\/shop\/wp-json\/wp\/v2\/types\/product"}],"replies":[{"embeddable":true,"href":"https:\/\/web2print.ro\/shop\/wp-json\/wp\/v2\/comments?post=642492"}],"wp:featuredmedia":[{"embeddable":true,"href":"https:\/\/web2print.ro\/shop\/wp-json\/wp\/v2\/media\/642491"}],"wp:attachment":[{"href":"https:\/\/web2print.ro\/shop\/wp-json\/wp\/v2\/media?parent=642492"}],"wp:term":[{"taxonomy":"product_brand","embeddable":true,"href":"https:\/\/web2print.ro\/shop\/wp-json\/wp\/v2\/product_brand?post=642492"},{"taxonomy":"product_cat","embeddable":true,"href":"https:\/\/web2print.ro\/shop\/wp-json\/wp\/v2\/product_cat?post=642492"},{"taxonomy":"product_tag","embeddable":true,"href":"https:\/\/web2print.ro\/shop\/wp-json\/wp\/v2\/product_tag?post=642492"}],"curies":[{"name":"wp","href":"https:\/\/api.w.org\/{rel}","templated":true}]}}