{"id":642497,"date":"2026-03-20T07:56:13","date_gmt":"2026-03-20T05:56:13","guid":{"rendered":"https:\/\/web2print.ro\/shop\/thc-monaco-ii-tricou-polo-pentru-barbati\/"},"modified":"2026-03-20T07:56:14","modified_gmt":"2026-03-20T05:56:14","slug":"thc-monaco-ii-tricou-polo-pentru-barbati","status":"publish","type":"product","link":"https:\/\/web2print.ro\/shop\/thc-monaco-ii-tricou-polo-pentru-barbati\/","title":{"rendered":"THC MONACO II. Tricou polo pentru barbati"},"content":{"rendered":"<p>Polo pentru barbati 100% bumbac pique (240 g\/m\u00b2). Culoare 183: 85% bumbac\/15% viscoz\u0103. Guler si mansete striate. Fenta cu 3 nasturi. Slituri laterale la terminatie. Nasture suplimentar pe cus\u0103tur\u0103 interioar\u0103. Etichet\u0103 vizibil\u0103 deta\u0219abil\u0103. Marimi: S, M, L, XL, XXL<\/p>\n","protected":false},"excerpt":{"rendered":"<p>Polo pentru barbati 100% bumbac pique (240 g\/m\u00b2). Culoare 183: 85% bumbac\/15% viscoz\u0103. Guler si mansete striate. Fenta cu 3 nasturi. Slituri laterale la terminatie. Nasture suplimentar pe cus\u0103tur\u0103 interioar\u0103. Etichet\u0103 vizibil\u0103 deta\u0219abil\u0103<\/p>\n","protected":false},"featured_media":642496,"comment_status":"open","ping_status":"closed","template":"","meta":{"_joinchat":[]},"product_brand":[],"product_cat":[3201,3312],"product_tag":[],"class_list":{"0":"post-642497","1":"product","2":"type-product","3":"status-publish","4":"has-post-thumbnail","6":"product_cat-textile-2","7":"product_cat-tricou-cu-guler","8":"pa_marime-l","9":"pa_marime-m","10":"pa_marime-xl","12":"first","13":"instock","14":"taxable","15":"shipping-taxable","16":"purchasable","17":"product-type-variable"},"_links":{"self":[{"href":"https:\/\/web2print.ro\/shop\/wp-json\/wp\/v2\/product\/642497","targetHints":{"allow":["GET"]}}],"collection":[{"href":"https:\/\/web2print.ro\/shop\/wp-json\/wp\/v2\/product"}],"about":[{"href":"https:\/\/web2print.ro\/shop\/wp-json\/wp\/v2\/types\/product"}],"replies":[{"embeddable":true,"href":"https:\/\/web2print.ro\/shop\/wp-json\/wp\/v2\/comments?post=642497"}],"wp:featuredmedia":[{"embeddable":true,"href":"https:\/\/web2print.ro\/shop\/wp-json\/wp\/v2\/media\/642496"}],"wp:attachment":[{"href":"https:\/\/web2print.ro\/shop\/wp-json\/wp\/v2\/media?parent=642497"}],"wp:term":[{"taxonomy":"product_brand","embeddable":true,"href":"https:\/\/web2print.ro\/shop\/wp-json\/wp\/v2\/product_brand?post=642497"},{"taxonomy":"product_cat","embeddable":true,"href":"https:\/\/web2print.ro\/shop\/wp-json\/wp\/v2\/product_cat?post=642497"},{"taxonomy":"product_tag","embeddable":true,"href":"https:\/\/web2print.ro\/shop\/wp-json\/wp\/v2\/product_tag?post=642497"}],"curies":[{"name":"wp","href":"https:\/\/api.w.org\/{rel}","templated":true}]}}