{"id":642520,"date":"2026-03-20T07:56:28","date_gmt":"2026-03-20T05:56:28","guid":{"rendered":"https:\/\/web2print.ro\/shop\/nomad-husa-multifunctionala-din-fetru-reciclat-100-rpet-cu-rigla-creioane-guma-si-ascutitoare\/"},"modified":"2026-05-06T15:58:27","modified_gmt":"2026-05-06T12:58:27","slug":"nomad-husa-multifunctionala-din-fetru-reciclat-100-rpet-cu-rigla-creioane-guma-si-ascutitoare","status":"publish","type":"product","link":"https:\/\/web2print.ro\/shop\/nomad-husa-multifunctionala-din-fetru-reciclat-100-rpet-cu-rigla-creioane-guma-si-ascutitoare\/","title":{"rendered":"NOMAD. Hus\u0103 multifunc\u021bional\u0103 din fetru reciclat (100% rPET) cu rigl\u0103, creioane, gum\u0103 \u0219i ascu\u021bitoare"},"content":{"rendered":"<p>Hus\u0103 multifunc\u021bional\u0103 din fetru reciclat (100% rPET) cu design cilindric \u0219i \u00eenchidere cu fermoar, care include o rigl\u0103 de 16.5 cm, 2 creioane grafit (HB), 1 gum\u0103 de \u0219ters \u0219i 1 ascu\u021bitoare. Geant\u0103: \u00d870 x 210 mm<\/p>\n","protected":false},"excerpt":{"rendered":"<p>Hus\u0103 multifunc\u021bional\u0103 din fetru reciclat (100% rPET) cu design cilindric \u0219i \u00eenchidere cu fermoar, care include o rigl\u0103 de 16,5 cm, 2 creioane grafit (HB), 1 gum\u0103 de \u0219ters \u0219i 1 ascu\u021bitoare<\/p>\n","protected":false},"featured_media":642519,"comment_status":"open","ping_status":"closed","template":"","meta":{"_joinchat":[]},"product_brand":[],"product_cat":[3212,3217],"product_tag":[],"class_list":{"0":"post-642520","1":"product","2":"type-product","3":"status-publish","4":"has-post-thumbnail","6":"product_cat-instrumente-de-scris","7":"product_cat-seturi-de-scris","8":"pa_culoare-albastru-deschis","9":"pa_culoare-gri-deschis","10":"pa_culoare-gri-inchis","12":"first","13":"instock","14":"taxable","15":"shipping-taxable","16":"purchasable","17":"product-type-variable"},"_links":{"self":[{"href":"https:\/\/web2print.ro\/shop\/wp-json\/wp\/v2\/product\/642520","targetHints":{"allow":["GET"]}}],"collection":[{"href":"https:\/\/web2print.ro\/shop\/wp-json\/wp\/v2\/product"}],"about":[{"href":"https:\/\/web2print.ro\/shop\/wp-json\/wp\/v2\/types\/product"}],"replies":[{"embeddable":true,"href":"https:\/\/web2print.ro\/shop\/wp-json\/wp\/v2\/comments?post=642520"}],"wp:featuredmedia":[{"embeddable":true,"href":"https:\/\/web2print.ro\/shop\/wp-json\/wp\/v2\/media\/642519"}],"wp:attachment":[{"href":"https:\/\/web2print.ro\/shop\/wp-json\/wp\/v2\/media?parent=642520"}],"wp:term":[{"taxonomy":"product_brand","embeddable":true,"href":"https:\/\/web2print.ro\/shop\/wp-json\/wp\/v2\/product_brand?post=642520"},{"taxonomy":"product_cat","embeddable":true,"href":"https:\/\/web2print.ro\/shop\/wp-json\/wp\/v2\/product_cat?post=642520"},{"taxonomy":"product_tag","embeddable":true,"href":"https:\/\/web2print.ro\/shop\/wp-json\/wp\/v2\/product_tag?post=642520"}],"curies":[{"name":"wp","href":"https:\/\/api.w.org\/{rel}","templated":true}]}}