{"id":642531,"date":"2026-03-20T07:56:34","date_gmt":"2026-03-20T05:56:34","guid":{"rendered":"https:\/\/web2print.ro\/shop\/vl-baco-haina-de-bucatarie-cu-maneci-lungi-190-g-m2\/"},"modified":"2026-05-05T15:56:48","modified_gmt":"2026-05-05T12:56:48","slug":"vl-baco-haina-de-bucatarie-cu-maneci-lungi-190-g-m2","status":"publish","type":"product","link":"https:\/\/web2print.ro\/shop\/vl-baco-haina-de-bucatarie-cu-maneci-lungi-190-g-m2\/","title":{"rendered":"VL BACO. Hain\u0103 de buc\u0103t\u0103rie cu m\u00e2neci lungi (190 g\/m2)"},"content":{"rendered":"<p>Hain\u0103 de buc\u0103t\u0103rie cu m\u00e2neci lungi (190 g\/m2) din bumbac (35%) \u0219i poliester (65%). Cu \u00eenchidere cu dou\u0103 nasturi \u0219i dou\u0103 buzunare (1 buzunar la piept \u0219i 1 buzunar pe m\u00e2neca st\u00e2ng\u0103). M\u0103rime: XS, S, M, L, XL, 2XL, 3XL, 4XL, 5XL<\/p>\n","protected":false},"excerpt":{"rendered":"<p>Hain\u0103 de buc\u0103t\u0103rie cu m\u00e2neci lungi (190 g\/m2) din bumbac (35%) \u0219i poliester (65%). Cu \u00eenchidere cu dou\u0103 nasturi \u0219i dou\u0103 buzunare (1 buzunar la piept \u0219i 1 buzunar pe m\u00e2neca st\u00e2ng\u0103)<\/p>\n","protected":false},"featured_media":642530,"comment_status":"open","ping_status":"closed","template":"","meta":{"_joinchat":[]},"product_brand":[],"product_cat":[3201,3313],"product_tag":[],"class_list":{"0":"post-642531","1":"product","2":"type-product","3":"status-publish","4":"has-post-thumbnail","6":"product_cat-textile-2","7":"product_cat-textiles-paltoane-si-veste","8":"pa_culoare-alb","9":"pa_culoare-negru","10":"pa_marime-2xl","11":"pa_marime-3xl","12":"pa_marime-4xl","13":"pa_marime-5xl","14":"pa_marime-l","15":"pa_marime-m","16":"pa_marime-s","17":"pa_marime-xl","18":"pa_marime-xs","20":"first","21":"instock","22":"taxable","23":"shipping-taxable","24":"purchasable","25":"product-type-variable"},"_links":{"self":[{"href":"https:\/\/web2print.ro\/shop\/wp-json\/wp\/v2\/product\/642531","targetHints":{"allow":["GET"]}}],"collection":[{"href":"https:\/\/web2print.ro\/shop\/wp-json\/wp\/v2\/product"}],"about":[{"href":"https:\/\/web2print.ro\/shop\/wp-json\/wp\/v2\/types\/product"}],"replies":[{"embeddable":true,"href":"https:\/\/web2print.ro\/shop\/wp-json\/wp\/v2\/comments?post=642531"}],"wp:featuredmedia":[{"embeddable":true,"href":"https:\/\/web2print.ro\/shop\/wp-json\/wp\/v2\/media\/642530"}],"wp:attachment":[{"href":"https:\/\/web2print.ro\/shop\/wp-json\/wp\/v2\/media?parent=642531"}],"wp:term":[{"taxonomy":"product_brand","embeddable":true,"href":"https:\/\/web2print.ro\/shop\/wp-json\/wp\/v2\/product_brand?post=642531"},{"taxonomy":"product_cat","embeddable":true,"href":"https:\/\/web2print.ro\/shop\/wp-json\/wp\/v2\/product_cat?post=642531"},{"taxonomy":"product_tag","embeddable":true,"href":"https:\/\/web2print.ro\/shop\/wp-json\/wp\/v2\/product_tag?post=642531"}],"curies":[{"name":"wp","href":"https:\/\/api.w.org\/{rel}","templated":true}]}}