{"id":642729,"date":"2026-03-20T08:24:59","date_gmt":"2026-03-20T06:24:59","guid":{"rendered":"https:\/\/web2print.ro\/shop\/vl-prithvi-man-camasa-oxford-pentru-barbati-180-g-m%c2%b2-din-bumbac-50-poliester-45-si-elastan-5\/"},"modified":"2026-05-06T15:58:28","modified_gmt":"2026-05-06T12:58:28","slug":"vl-prithvi-man-camasa-oxford-pentru-barbati-180-g-m%c2%b2-din-bumbac-50-poliester-45-si-elastan-5","status":"publish","type":"product","link":"https:\/\/web2print.ro\/shop\/vl-prithvi-man-camasa-oxford-pentru-barbati-180-g-m%c2%b2-din-bumbac-50-poliester-45-si-elastan-5\/","title":{"rendered":"VL PRITHVI MAN. C\u0103ma\u0219\u0103 Oxford pentru b\u0103rba\u021bi (180 g\/m\u00b2) din bumbac (50%), poliester (45%) \u0219i elastan (5%)"},"content":{"rendered":"<p>C\u0103ma\u0219\u0103 Oxford cu m\u00e2neci lungi pentru b\u0103rba\u021bi (180 g\/m\u00b2), din bumbac (50%), poliester (45%) \u0219i elastan (5%). M\u0103rime: S, M, L, XL, 2XL, 3XL<\/p>\n","protected":false},"excerpt":{"rendered":"<p>C\u0103ma\u0219\u0103 Oxford cu m\u00e2neci lungi pentru b\u0103rba\u021bi (180 g\/m\u00b2), din bumbac (50%), poliester (45%) \u0219i elastan (5%)<\/p>\n","protected":false},"featured_media":642728,"comment_status":"open","ping_status":"closed","template":"","meta":{"_joinchat":[]},"product_brand":[],"product_cat":[3201,3311],"product_tag":[],"class_list":{"0":"post-642729","1":"product","2":"type-product","3":"status-publish","4":"has-post-thumbnail","6":"product_cat-textile-2","7":"product_cat-tricouri","8":"pa_culoare-alb","9":"pa_culoare-albastru","10":"pa_culoare-gri-deschis","11":"pa_culoare-natural-deschis","12":"pa_culoare-verde","13":"pa_marime-2xl","14":"pa_marime-3xl","15":"pa_marime-l","16":"pa_marime-m","17":"pa_marime-s","18":"pa_marime-xl","20":"first","21":"instock","22":"taxable","23":"shipping-taxable","24":"purchasable","25":"product-type-variable"},"_links":{"self":[{"href":"https:\/\/web2print.ro\/shop\/wp-json\/wp\/v2\/product\/642729","targetHints":{"allow":["GET"]}}],"collection":[{"href":"https:\/\/web2print.ro\/shop\/wp-json\/wp\/v2\/product"}],"about":[{"href":"https:\/\/web2print.ro\/shop\/wp-json\/wp\/v2\/types\/product"}],"replies":[{"embeddable":true,"href":"https:\/\/web2print.ro\/shop\/wp-json\/wp\/v2\/comments?post=642729"}],"wp:featuredmedia":[{"embeddable":true,"href":"https:\/\/web2print.ro\/shop\/wp-json\/wp\/v2\/media\/642728"}],"wp:attachment":[{"href":"https:\/\/web2print.ro\/shop\/wp-json\/wp\/v2\/media?parent=642729"}],"wp:term":[{"taxonomy":"product_brand","embeddable":true,"href":"https:\/\/web2print.ro\/shop\/wp-json\/wp\/v2\/product_brand?post=642729"},{"taxonomy":"product_cat","embeddable":true,"href":"https:\/\/web2print.ro\/shop\/wp-json\/wp\/v2\/product_cat?post=642729"},{"taxonomy":"product_tag","embeddable":true,"href":"https:\/\/web2print.ro\/shop\/wp-json\/wp\/v2\/product_tag?post=642729"}],"curies":[{"name":"wp","href":"https:\/\/api.w.org\/{rel}","templated":true}]}}