{"id":642782,"date":"2026-03-20T08:25:11","date_gmt":"2026-03-20T06:25:11","guid":{"rendered":"https:\/\/web2print.ro\/shop\/vl-agni-haina-de-bucatarie-unisex-190-g-m%c2%b2-din-bumbac-35-si-poliester-reciclat-65\/"},"modified":"2026-05-06T15:58:29","modified_gmt":"2026-05-06T12:58:29","slug":"vl-agni-haina-de-bucatarie-unisex-190-g-m%c2%b2-din-bumbac-35-si-poliester-reciclat-65","status":"publish","type":"product","link":"https:\/\/web2print.ro\/shop\/vl-agni-haina-de-bucatarie-unisex-190-g-m%c2%b2-din-bumbac-35-si-poliester-reciclat-65\/","title":{"rendered":"VL AGNI. Hain\u0103 de buc\u0103t\u0103rie unisex (190 g\/m\u00b2) din bumbac (35%) \u0219i poliester reciclat (65%)"},"content":{"rendered":"<p>Jachet\u0103 de buc\u0103tar unisex (190 g\/m\u00b2) din bumbac (35%) \u0219i poliester reciclat (65%). Cu un design confortabil, \u021bes\u0103tur\u0103 impermeabil\u0103 \u0219i atingere moale, \u0219i spate din \u021bes\u0103tur\u0103 COOLMAX respirabil\u0103. Jacheta are fermoar central cu nasturi ascun\u0219i. M\u0103rime: S, M, L, XL, 2XL, 3XL<\/p>\n","protected":false},"excerpt":{"rendered":"<p>Jachet\u0103 de buc\u0103tar unisex (190 g\/m\u00b2) din bumbac (35%) \u0219i poliester reciclat (65%). Cu un design confortabil, \u021bes\u0103tur\u0103 impermeabil\u0103 \u0219i atingere moale, \u0219i spate din \u021bes\u0103tur\u0103 COOLMAX respirabil\u0103. Jacheta are fermoar central cu nasturi ascun\u0219i<\/p>\n","protected":false},"featured_media":642781,"comment_status":"open","ping_status":"closed","template":"","meta":{"_joinchat":[]},"product_brand":[],"product_cat":[3332,3201],"product_tag":[],"class_list":{"0":"post-642782","1":"product","2":"type-product","3":"status-publish","4":"has-post-thumbnail","6":"product_cat-sorturi-si-halate-textile-2","7":"product_cat-textile-2","8":"pa_culoare-alb","9":"pa_culoare-negru","10":"pa_marime-2xl","11":"pa_marime-3xl","12":"pa_marime-l","13":"pa_marime-m","14":"pa_marime-s","15":"pa_marime-xl","16":"pa_marime-xs","18":"first","19":"instock","20":"taxable","21":"shipping-taxable","22":"purchasable","23":"product-type-variable"},"_links":{"self":[{"href":"https:\/\/web2print.ro\/shop\/wp-json\/wp\/v2\/product\/642782","targetHints":{"allow":["GET"]}}],"collection":[{"href":"https:\/\/web2print.ro\/shop\/wp-json\/wp\/v2\/product"}],"about":[{"href":"https:\/\/web2print.ro\/shop\/wp-json\/wp\/v2\/types\/product"}],"replies":[{"embeddable":true,"href":"https:\/\/web2print.ro\/shop\/wp-json\/wp\/v2\/comments?post=642782"}],"wp:featuredmedia":[{"embeddable":true,"href":"https:\/\/web2print.ro\/shop\/wp-json\/wp\/v2\/media\/642781"}],"wp:attachment":[{"href":"https:\/\/web2print.ro\/shop\/wp-json\/wp\/v2\/media?parent=642782"}],"wp:term":[{"taxonomy":"product_brand","embeddable":true,"href":"https:\/\/web2print.ro\/shop\/wp-json\/wp\/v2\/product_brand?post=642782"},{"taxonomy":"product_cat","embeddable":true,"href":"https:\/\/web2print.ro\/shop\/wp-json\/wp\/v2\/product_cat?post=642782"},{"taxonomy":"product_tag","embeddable":true,"href":"https:\/\/web2print.ro\/shop\/wp-json\/wp\/v2\/product_tag?post=642782"}],"curies":[{"name":"wp","href":"https:\/\/api.w.org\/{rel}","templated":true}]}}