{"id":642935,"date":"2026-03-20T08:31:15","date_gmt":"2026-03-20T06:31:15","guid":{"rendered":"https:\/\/web2print.ro\/shop\/vl-flora-tunica-cu-maneci-scurte-140-g-m%c2%b2-din-100-microfibra\/"},"modified":"2026-05-06T15:58:30","modified_gmt":"2026-05-06T12:58:30","slug":"vl-flora-tunica-cu-maneci-scurte-140-g-m%c2%b2-din-100-microfibra","status":"publish","type":"product","link":"https:\/\/web2print.ro\/shop\/vl-flora-tunica-cu-maneci-scurte-140-g-m%c2%b2-din-100-microfibra\/","title":{"rendered":"VL FLORA. Tunic\u0103 cu m\u00e2neci scurte (140 g\/m\u00b2) din 100% microfibr\u0103"},"content":{"rendered":"<p>Tunic\u0103 cu m\u00e2neci scurte (140 g\/m\u00b2) din 100% microfibr\u0103. Materialul tunicii este impermeabil. M\u0103rime: XS, S, M, L, XL, 2XL, 3XL, 4XL<\/p>\n","protected":false},"excerpt":{"rendered":"<p>Tunic\u0103 cu m\u00e2neci scurte (140 g\/m\u00b2) din 100% microfibr\u0103. Materialul tunicii este impermeabil<\/p>\n","protected":false},"featured_media":642934,"comment_status":"open","ping_status":"closed","template":"","meta":{"_joinchat":[]},"product_brand":[],"product_cat":[3332,3201],"product_tag":[],"class_list":{"0":"post-642935","1":"product","2":"type-product","3":"status-publish","4":"has-post-thumbnail","6":"product_cat-sorturi-si-halate-textile-2","7":"product_cat-textile-2","8":"pa_culoare-alb","9":"pa_culoare-albastru","10":"pa_culoare-albastru-marin","11":"pa_culoare-albastru-pastelat","12":"pa_culoare-albastru-petrol","13":"pa_culoare-galben","14":"pa_culoare-negru","15":"pa_culoare-portocaliu","16":"pa_culoare-roz","17":"pa_culoare-roz-inchis","18":"pa_culoare-roz-pastelat","19":"pa_culoare-verde","20":"pa_culoare-verde-menta","21":"pa_marime-2xl","22":"pa_marime-3xl","23":"pa_marime-l","24":"pa_marime-m","25":"pa_marime-s","26":"pa_marime-xl","27":"pa_marime-xs","29":"first","30":"instock","31":"taxable","32":"shipping-taxable","33":"purchasable","34":"product-type-variable"},"_links":{"self":[{"href":"https:\/\/web2print.ro\/shop\/wp-json\/wp\/v2\/product\/642935","targetHints":{"allow":["GET"]}}],"collection":[{"href":"https:\/\/web2print.ro\/shop\/wp-json\/wp\/v2\/product"}],"about":[{"href":"https:\/\/web2print.ro\/shop\/wp-json\/wp\/v2\/types\/product"}],"replies":[{"embeddable":true,"href":"https:\/\/web2print.ro\/shop\/wp-json\/wp\/v2\/comments?post=642935"}],"wp:featuredmedia":[{"embeddable":true,"href":"https:\/\/web2print.ro\/shop\/wp-json\/wp\/v2\/media\/642934"}],"wp:attachment":[{"href":"https:\/\/web2print.ro\/shop\/wp-json\/wp\/v2\/media?parent=642935"}],"wp:term":[{"taxonomy":"product_brand","embeddable":true,"href":"https:\/\/web2print.ro\/shop\/wp-json\/wp\/v2\/product_brand?post=642935"},{"taxonomy":"product_cat","embeddable":true,"href":"https:\/\/web2print.ro\/shop\/wp-json\/wp\/v2\/product_cat?post=642935"},{"taxonomy":"product_tag","embeddable":true,"href":"https:\/\/web2print.ro\/shop\/wp-json\/wp\/v2\/product_tag?post=642935"}],"curies":[{"name":"wp","href":"https:\/\/api.w.org\/{rel}","templated":true}]}}