{"id":643108,"date":"2026-03-20T08:31:49","date_gmt":"2026-03-20T06:31:49","guid":{"rendered":"https:\/\/web2print.ro\/shop\/vl-selene-pantaloni-230-g-m%c2%b2-confectionati-din-nailon-reciclat-91-si-spandex-9\/"},"modified":"2026-05-06T15:58:31","modified_gmt":"2026-05-06T12:58:31","slug":"vl-selene-pantaloni-230-g-m%c2%b2-confectionati-din-nailon-reciclat-91-si-spandex-9","status":"publish","type":"product","link":"https:\/\/web2print.ro\/shop\/vl-selene-pantaloni-230-g-m%c2%b2-confectionati-din-nailon-reciclat-91-si-spandex-9\/","title":{"rendered":"VL SELENE. Pantaloni (230 g\/m\u00b2), confec\u021biona\u021bi din nailon reciclat (91%) \u0219i spandex (9%)"},"content":{"rendered":"<p>Pantaloni (230 g\/m\u00b2), confec\u021biona\u021bi din nailon reciclat (91%) \u0219i spandex (9%). Pantalonii sunt elastici, cu croial\u0103 slim fit \u0219i detalii reflectorizante. Pantalonii au cinci buzunare (2 buzunare franceze, 1 buzunar cu clap\u0103 pe piciorul st\u00e2ng, 1 buzunar cu clap\u0103 pe piciorul drept \u0219i 1 buzunar interior \u00een spate). M\u0103rime: S, M, L, XL, 2XL, 3XL<\/p>\n","protected":false},"excerpt":{"rendered":"<p>Pantaloni (230 g\/m\u00b2), confec\u021biona\u021bi din nailon reciclat (91%) \u0219i spandex (9%). Pantalonii sunt elastici, cu croial\u0103 slim fit \u0219i detalii reflectorizante. Pantalonii au cinci buzunare (2 buzunare franceze, 1 buzunar cu clap\u0103 pe piciorul st\u00e2ng, 1 buzunar cu clap\u0103 pe piciorul drept \u0219i 1 buzunar interior \u00een spate)<\/p>\n","protected":false},"featured_media":643107,"comment_status":"open","ping_status":"closed","template":"","meta":{"_joinchat":[]},"product_brand":[],"product_cat":[3333,3201],"product_tag":[],"class_list":{"0":"post-643108","1":"product","2":"type-product","3":"status-publish","4":"has-post-thumbnail","6":"product_cat-pantaloni-textile-2","7":"product_cat-textile-2","8":"pa_culoare-albastru-marin","9":"pa_culoare-gri","10":"pa_culoare-negru","11":"pa_marime-2xl","12":"pa_marime-3xl","13":"pa_marime-l","14":"pa_marime-m","15":"pa_marime-s","16":"pa_marime-xl","18":"first","19":"instock","20":"taxable","21":"shipping-taxable","22":"purchasable","23":"product-type-variable"},"_links":{"self":[{"href":"https:\/\/web2print.ro\/shop\/wp-json\/wp\/v2\/product\/643108","targetHints":{"allow":["GET"]}}],"collection":[{"href":"https:\/\/web2print.ro\/shop\/wp-json\/wp\/v2\/product"}],"about":[{"href":"https:\/\/web2print.ro\/shop\/wp-json\/wp\/v2\/types\/product"}],"replies":[{"embeddable":true,"href":"https:\/\/web2print.ro\/shop\/wp-json\/wp\/v2\/comments?post=643108"}],"wp:featuredmedia":[{"embeddable":true,"href":"https:\/\/web2print.ro\/shop\/wp-json\/wp\/v2\/media\/643107"}],"wp:attachment":[{"href":"https:\/\/web2print.ro\/shop\/wp-json\/wp\/v2\/media?parent=643108"}],"wp:term":[{"taxonomy":"product_brand","embeddable":true,"href":"https:\/\/web2print.ro\/shop\/wp-json\/wp\/v2\/product_brand?post=643108"},{"taxonomy":"product_cat","embeddable":true,"href":"https:\/\/web2print.ro\/shop\/wp-json\/wp\/v2\/product_cat?post=643108"},{"taxonomy":"product_tag","embeddable":true,"href":"https:\/\/web2print.ro\/shop\/wp-json\/wp\/v2\/product_tag?post=643108"}],"curies":[{"name":"wp","href":"https:\/\/api.w.org\/{rel}","templated":true}]}}