{"id":643131,"date":"2026-03-20T08:31:54","date_gmt":"2026-03-20T06:31:54","guid":{"rendered":"https:\/\/web2print.ro\/shop\/vl-nyx-jacheta-matlasata-180-g-m%c2%b2-confectionata-din-poliester-reciclat-50-si-poliester-50\/"},"modified":"2026-05-06T15:58:31","modified_gmt":"2026-05-06T12:58:31","slug":"vl-nyx-jacheta-matlasata-180-g-m%c2%b2-confectionata-din-poliester-reciclat-50-si-poliester-50","status":"publish","type":"product","link":"https:\/\/web2print.ro\/shop\/vl-nyx-jacheta-matlasata-180-g-m%c2%b2-confectionata-din-poliester-reciclat-50-si-poliester-50\/","title":{"rendered":"VL NYX. Jacheta matlasat\u0103 (180 g\/m\u00b2), confec\u021bionat\u0103 din poliester reciclat (50%) \u0219i poliester (50%)"},"content":{"rendered":"<p>Jacheta matlasat\u0103 (180 g\/m\u00b2), confec\u021bionat\u0103 din poliester reciclat (50%) \u0219i poliester (50%). Prezint\u0103 \u021bes\u0103tur\u0103 elastic\u0103 impermeabil\u0103, cus\u0103turi termosudate, detalii reflectorizante \u0219i \u00eenchidere central\u0103 cu fermoar. Jacheta are nasturi ascun\u0219i \u0219i cinci buzunare (dou\u0103 buzunare laterale, un buzunar pe pieptul st\u00e2ng, un buzunar pe pieptul drept \u0219i un buzunar interior). M\u0103rime: S, M, L, XL, 2XL, 3XL<\/p>\n","protected":false},"excerpt":{"rendered":"<p>Jacheta matlasat\u0103 (180 g\/m\u00b2), confec\u021bionat\u0103 din poliester reciclat (50%) \u0219i poliester (50%). Prezint\u0103 \u021bes\u0103tur\u0103 elastic\u0103 impermeabil\u0103, cus\u0103turi termosudate, detalii reflectorizante \u0219i \u00eenchidere central\u0103 cu fermoar. Jacheta are nasturi ascun\u0219i \u0219i cinci buzunare (dou\u0103 buzunare laterale, un buzunar pe pieptul st\u00e2ng, un buzunar pe pieptul drept \u0219i un buzunar interior)<\/p>\n","protected":false},"featured_media":643130,"comment_status":"open","ping_status":"closed","template":"","meta":{"_joinchat":[]},"product_brand":[],"product_cat":[3201,3313],"product_tag":[],"class_list":{"0":"post-643131","1":"product","2":"type-product","3":"status-publish","4":"has-post-thumbnail","6":"product_cat-textile-2","7":"product_cat-textiles-paltoane-si-veste","8":"pa_culoare-albastru-marin","9":"pa_culoare-gri","10":"pa_culoare-negru","11":"pa_marime-2xl","12":"pa_marime-3xl","13":"pa_marime-l","14":"pa_marime-m","15":"pa_marime-s","16":"pa_marime-xl","18":"first","19":"instock","20":"taxable","21":"shipping-taxable","22":"purchasable","23":"product-type-variable"},"_links":{"self":[{"href":"https:\/\/web2print.ro\/shop\/wp-json\/wp\/v2\/product\/643131","targetHints":{"allow":["GET"]}}],"collection":[{"href":"https:\/\/web2print.ro\/shop\/wp-json\/wp\/v2\/product"}],"about":[{"href":"https:\/\/web2print.ro\/shop\/wp-json\/wp\/v2\/types\/product"}],"replies":[{"embeddable":true,"href":"https:\/\/web2print.ro\/shop\/wp-json\/wp\/v2\/comments?post=643131"}],"wp:featuredmedia":[{"embeddable":true,"href":"https:\/\/web2print.ro\/shop\/wp-json\/wp\/v2\/media\/643130"}],"wp:attachment":[{"href":"https:\/\/web2print.ro\/shop\/wp-json\/wp\/v2\/media?parent=643131"}],"wp:term":[{"taxonomy":"product_brand","embeddable":true,"href":"https:\/\/web2print.ro\/shop\/wp-json\/wp\/v2\/product_brand?post=643131"},{"taxonomy":"product_cat","embeddable":true,"href":"https:\/\/web2print.ro\/shop\/wp-json\/wp\/v2\/product_cat?post=643131"},{"taxonomy":"product_tag","embeddable":true,"href":"https:\/\/web2print.ro\/shop\/wp-json\/wp\/v2\/product_tag?post=643131"}],"curies":[{"name":"wp","href":"https:\/\/api.w.org\/{rel}","templated":true}]}}