{"id":643156,"date":"2026-03-20T08:32:11","date_gmt":"2026-03-20T06:32:11","guid":{"rendered":"https:\/\/web2print.ro\/shop\/delfos-pouch-shiny-geanta-de-talie-300d-finisaj-lucios-cu-poliester-reciclat-si-600d-cupoliester-reciclat-cu-elemente-reflectorizante\/"},"modified":"2026-03-20T08:32:11","modified_gmt":"2026-03-20T06:32:11","slug":"delfos-pouch-shiny-geanta-de-talie-300d-finisaj-lucios-cu-poliester-reciclat-si-600d-cupoliester-reciclat-cu-elemente-reflectorizante","status":"publish","type":"product","link":"https:\/\/web2print.ro\/shop\/delfos-pouch-shiny-geanta-de-talie-300d-finisaj-lucios-cu-poliester-reciclat-si-600d-cupoliester-reciclat-cu-elemente-reflectorizante\/","title":{"rendered":"DELFOS POUCH SHINY. Geant\u0103 de talie 300D (finisaj lucios) cu poliester reciclat \u0219i 600D cupoliester reciclat cu elemente reflectorizante"},"content":{"rendered":"<p>Borset\u0103 cu elemente reflectorizante care sporesc vizibilitatea \u00een medii cu lumin\u0103 slab\u0103 \u0219i un buzunar care poate \u021bine o sticl\u0103. Ideal\u0103 pentru drume\u021bii sau plimb\u0103ri.Material exterior: poliester reciclat 300D cu finisaj lucios \u0219i poliester reciclat 600DMaterial interior: poliester reciclat 210DCompartimente: 1 compartiment principal cu fermoar dubluBuzunare exterioare: 1 buzunar frontalCaracteristici suplimentare: elemente reflectorizante \u0219i curea reglabil\u0103Dimensiuni: 270 x 120 x 70 mm<\/p>\n","protected":false},"excerpt":{"rendered":"<p>Borset\u0103 cu elemente reflectorizante care sporesc vizibilitatea \u00een medii cu lumin\u0103 slab\u0103 \u0219i un buzunar care poate \u021bine o sticl\u0103. Ideal\u0103 pentru drume\u021bii sau plimb\u0103ri.<\/p>\n<p><b>Material exterior:<\/b> poliester reciclat 300D cu finisaj lucios \u0219i poliester reciclat 600D<br \/><b>Material interior:<\/b> poliester reciclat 210D<br \/><b>Compartimente:<\/b> 1 compartiment principal cu fermoar dublu<br \/><b>Buzunare exterioare:<\/b> 1 buzunar frontal<br \/><b>Caracteristici suplimentare:<\/b> elemente reflectorizante \u0219i curea reglabil\u0103<br \/><b>Dimensiuni:<\/b><\/p>\n","protected":false},"featured_media":643153,"comment_status":"open","ping_status":"closed","template":"","meta":{"_joinchat":[]},"product_brand":[],"product_cat":[3334,3220],"product_tag":[],"class_list":{"0":"post-643156","1":"product","2":"type-product","3":"status-publish","4":"has-post-thumbnail","6":"product_cat-bags-genti-de-umar-si-talie","7":"product_cat-genti-si-rucsacuri","9":"first","10":"instock","11":"taxable","12":"shipping-taxable","13":"purchasable","14":"product-type-simple"},"_links":{"self":[{"href":"https:\/\/web2print.ro\/shop\/wp-json\/wp\/v2\/product\/643156","targetHints":{"allow":["GET"]}}],"collection":[{"href":"https:\/\/web2print.ro\/shop\/wp-json\/wp\/v2\/product"}],"about":[{"href":"https:\/\/web2print.ro\/shop\/wp-json\/wp\/v2\/types\/product"}],"replies":[{"embeddable":true,"href":"https:\/\/web2print.ro\/shop\/wp-json\/wp\/v2\/comments?post=643156"}],"wp:featuredmedia":[{"embeddable":true,"href":"https:\/\/web2print.ro\/shop\/wp-json\/wp\/v2\/media\/643153"}],"wp:attachment":[{"href":"https:\/\/web2print.ro\/shop\/wp-json\/wp\/v2\/media?parent=643156"}],"wp:term":[{"taxonomy":"product_brand","embeddable":true,"href":"https:\/\/web2print.ro\/shop\/wp-json\/wp\/v2\/product_brand?post=643156"},{"taxonomy":"product_cat","embeddable":true,"href":"https:\/\/web2print.ro\/shop\/wp-json\/wp\/v2\/product_cat?post=643156"},{"taxonomy":"product_tag","embeddable":true,"href":"https:\/\/web2print.ro\/shop\/wp-json\/wp\/v2\/product_tag?post=643156"}],"curies":[{"name":"wp","href":"https:\/\/api.w.org\/{rel}","templated":true}]}}