{"id":643169,"date":"2026-03-20T08:32:29","date_gmt":"2026-03-20T06:32:29","guid":{"rendered":"https:\/\/web2print.ro\/shop\/berna-ii-rucsac-in-poliester-600d\/"},"modified":"2026-05-06T15:58:32","modified_gmt":"2026-05-06T12:58:32","slug":"berna-ii-rucsac-in-poliester-600d","status":"publish","type":"product","link":"https:\/\/web2print.ro\/shop\/berna-ii-rucsac-in-poliester-600d\/","title":{"rendered":"BERNA II. Rucsac \u00een poliester 600D"},"content":{"rendered":"<p>Rucsac versatil \u0219i confortabil, care garanteaz\u0103 organizarea zilnic\u0103, cu spa\u021biu suficient pentru a transporta lucrurile esen\u021biale. Disponibil \u00eentr-o gam\u0103 larg\u0103 de culori.Material exterior: poliester 600DMaterial interior: poliester 190TCapacitate (L): 18Compartimente: 1 compartiment principalBuzunare exterioare: 1 buzunar frontal cu fermoarPanou posterior: c\u0103ptu\u0219itCaracteristici suplimentare: m\u00e2nere c\u0103ptu\u0219ite cu ching\u0103Dimensiuni: 310 x 410 x 120 mm<\/p>\n","protected":false},"excerpt":{"rendered":"<p>Rucsac versatil \u0219i confortabil, care garanteaz\u0103 organizarea zilnic\u0103, cu spa\u021biu suficient pentru a transporta lucrurile esen\u021biale. Disponibil \u00eentr-o gam\u0103 larg\u0103 de culori.<\/p>\n<p><b>Material exterior:<\/b> poliester 600D<br \/><b>Material interior:<\/b> poliester 190T<br \/><b>Capacitate (L):<\/b> 18<br \/><b>Compartimente:<\/b> 1 compartiment principal<br \/><b>Buzunare exterioare:<\/b> 1 buzunar frontal cu fermoar<br \/><b>Panou posterior:<\/b> c\u0103ptu\u0219it<br \/><b>Caracteristici suplimentare:<\/b> m\u00e2nere c\u0103ptu\u0219ite cu ching\u0103<br \/><b>Dimensiuni:<\/b><\/p>\n","protected":false},"featured_media":643168,"comment_status":"open","ping_status":"closed","template":"","meta":{"_joinchat":[]},"product_brand":[],"product_cat":[3222,3220],"product_tag":[],"class_list":{"0":"post-643169","1":"product","2":"type-product","3":"status-publish","4":"has-post-thumbnail","6":"product_cat-bags-rucsacuri","7":"product_cat-genti-si-rucsacuri","8":"pa_culoare-albastru","9":"pa_culoare-albastru-deschis","10":"pa_culoare-galben","11":"pa_culoare-negru","12":"pa_culoare-portocaliu","13":"pa_culoare-rosu","14":"pa_culoare-verde-deschis","16":"first","17":"instock","18":"taxable","19":"shipping-taxable","20":"purchasable","21":"product-type-variable"},"_links":{"self":[{"href":"https:\/\/web2print.ro\/shop\/wp-json\/wp\/v2\/product\/643169","targetHints":{"allow":["GET"]}}],"collection":[{"href":"https:\/\/web2print.ro\/shop\/wp-json\/wp\/v2\/product"}],"about":[{"href":"https:\/\/web2print.ro\/shop\/wp-json\/wp\/v2\/types\/product"}],"replies":[{"embeddable":true,"href":"https:\/\/web2print.ro\/shop\/wp-json\/wp\/v2\/comments?post=643169"}],"wp:featuredmedia":[{"embeddable":true,"href":"https:\/\/web2print.ro\/shop\/wp-json\/wp\/v2\/media\/643168"}],"wp:attachment":[{"href":"https:\/\/web2print.ro\/shop\/wp-json\/wp\/v2\/media?parent=643169"}],"wp:term":[{"taxonomy":"product_brand","embeddable":true,"href":"https:\/\/web2print.ro\/shop\/wp-json\/wp\/v2\/product_brand?post=643169"},{"taxonomy":"product_cat","embeddable":true,"href":"https:\/\/web2print.ro\/shop\/wp-json\/wp\/v2\/product_cat?post=643169"},{"taxonomy":"product_tag","embeddable":true,"href":"https:\/\/web2print.ro\/shop\/wp-json\/wp\/v2\/product_tag?post=643169"}],"curies":[{"name":"wp","href":"https:\/\/api.w.org\/{rel}","templated":true}]}}