{"id":643185,"date":"2026-03-20T08:32:37","date_gmt":"2026-03-20T06:32:37","guid":{"rendered":"https:\/\/web2print.ro\/shop\/boston-rucsac-pentru-laptop-17\/"},"modified":"2026-05-05T15:56:51","modified_gmt":"2026-05-05T12:56:51","slug":"boston-rucsac-pentru-laptop-17","status":"publish","type":"product","link":"https:\/\/web2print.ro\/shop\/boston-rucsac-pentru-laptop-17\/","title":{"rendered":"BOSTON. Rucsac pentru laptop 17&#8221;"},"content":{"rendered":"<p>Rucsac impermeabil pentru laptop cu buzunar \u00eencorporat pe cureaua trolerului. Protejeaz\u0103-\u021bi dispozitivele \u00een orice condi\u021bii \u0219i \u00een siguran\u021b\u0103 deplin\u0103.Material exterior: nailon bicolor rezistent la ap\u0103Material interior: poliester 210DBuzunar pentru computer: 17&#8243;Capacitate (L): 20Compartimente: 2 compartimente principale c\u0103ptu\u0219iteBuzunare exterioare: 2 buzunare frontale \u0219i 2 buzunare laterale cu fermoarPanou posterior: c\u0103ptu\u0219it cu sistem de sus\u021binere suplimentar c\u0103ptu\u0219it, buzunar cu fermoar integrat \u00een cureaua troleruluiCaracteristici suplimentare: m\u00e2ner \u00eent\u0103rit \u0219i c\u0103ptu\u0219itDimensiuni: 310 x 470 x 200 mm<\/p>\n","protected":false},"excerpt":{"rendered":"<p>Rucsac impermeabil pentru laptop cu buzunar \u00eencorporat pe cureaua trolerului. Protejeaz\u0103-\u021bi dispozitivele \u00een orice condi\u021bii \u0219i \u00een siguran\u021b\u0103 deplin\u0103.<\/p>\n<p><b>Material exterior:<\/b> nailon bicolor rezistent la ap\u0103<br \/><b>Material interior:<\/b> poliester 210D<br \/><b>Buzunar pentru computer:<\/b> 17&#8243;<br \/><b>Capacitate (L):<\/b> 20<br \/><b>Compartimente:<\/b> 2 compartimente principale c\u0103ptu\u0219ite<br \/><b>Buzunare exterioare:<\/b> 2 buzunare frontale \u0219i 2 buzunare laterale cu fermoar<br \/><b>Panou posterior:<\/b> c\u0103ptu\u0219it cu sistem de sus\u021binere suplimentar c\u0103ptu\u0219it, buzunar cu fermoar integrat \u00een cureaua trolerului<br \/><b>Caracteristici suplimentare:<\/b> m\u00e2ner \u00eent\u0103rit \u0219i c\u0103ptu\u0219it<br \/><b>Dimensiuni:<\/b><\/p>\n","protected":false},"featured_media":643184,"comment_status":"open","ping_status":"closed","template":"","meta":{"_joinchat":[]},"product_brand":[],"product_cat":[3221,3220],"product_tag":[],"class_list":{"0":"post-643185","1":"product","2":"type-product","3":"status-publish","4":"has-post-thumbnail","6":"product_cat-bags-rucsacuri-penru-pc-tableta","7":"product_cat-genti-si-rucsacuri","8":"pa_culoare-verde-inchis","10":"first","11":"instock","12":"taxable","13":"shipping-taxable","14":"purchasable","15":"product-type-variable"},"_links":{"self":[{"href":"https:\/\/web2print.ro\/shop\/wp-json\/wp\/v2\/product\/643185","targetHints":{"allow":["GET"]}}],"collection":[{"href":"https:\/\/web2print.ro\/shop\/wp-json\/wp\/v2\/product"}],"about":[{"href":"https:\/\/web2print.ro\/shop\/wp-json\/wp\/v2\/types\/product"}],"replies":[{"embeddable":true,"href":"https:\/\/web2print.ro\/shop\/wp-json\/wp\/v2\/comments?post=643185"}],"wp:featuredmedia":[{"embeddable":true,"href":"https:\/\/web2print.ro\/shop\/wp-json\/wp\/v2\/media\/643184"}],"wp:attachment":[{"href":"https:\/\/web2print.ro\/shop\/wp-json\/wp\/v2\/media?parent=643185"}],"wp:term":[{"taxonomy":"product_brand","embeddable":true,"href":"https:\/\/web2print.ro\/shop\/wp-json\/wp\/v2\/product_brand?post=643185"},{"taxonomy":"product_cat","embeddable":true,"href":"https:\/\/web2print.ro\/shop\/wp-json\/wp\/v2\/product_cat?post=643185"},{"taxonomy":"product_tag","embeddable":true,"href":"https:\/\/web2print.ro\/shop\/wp-json\/wp\/v2\/product_tag?post=643185"}],"curies":[{"name":"wp","href":"https:\/\/api.w.org\/{rel}","templated":true}]}}